{"id":570,"date":"2025-05-14T23:46:19","date_gmt":"2025-05-14T21:46:19","guid":{"rendered":"https:\/\/www.sudopark.sk\/?page_id=570"},"modified":"2026-03-21T12:44:01","modified_gmt":"2026-03-21T11:44:01","slug":"pro-firmy","status":"publish","type":"page","link":"https:\/\/www.sudopark.sk\/cs\/pro-firmy\/","title":{"rendered":"Nab\u00eddka pro firmy"},"content":{"rendered":"\n<p>V Sudoparku nab\u00edz\u00edme jedine\u010dn\u00e9 prostory a&nbsp;slu\u017eby pro&nbsp;va\u0161e firemn\u00ed akce, teambuildingy nebo pracovn\u00ed setk\u00e1n\u00ed. Na\u0161e modern\u00ed a&nbsp;flexibiln\u00ed prostory v&nbsp;srdci p\u0159\u00edrody jsou ide\u00e1ln\u00edm m\u00edstem pro&nbsp;podporu kreativity, pos\u00edlen\u00ed t\u00fdmov\u00e9ho ducha a&nbsp;vytvo\u0159en\u00ed nezapomenuteln\u00fdch z\u00e1\u017eitk\u016f pro&nbsp;va\u0161e zam\u011bstnance \u010di obchodn\u00ed partnery.<\/p>\n\n\n\n<div style=\"height:16px\" aria-hidden=\"true\" class=\"wp-block-spacer\"><\/div>\n\n\n\n<div class=\"wp-block-buttons is-content-justification-center is-layout-flex wp-container-core-buttons-is-layout-16018d1d wp-block-buttons-is-layout-flex\">\n<div class=\"wp-block-button\"><a class=\"wp-block-button__link wp-element-button\" href=\"https:\/\/online.flippingbook.com\/view\/270068335\/\" target=\"_blank\" rel=\"noreferrer noopener\">Katalog slu\u017eeb<\/a><\/div>\n<\/div>\n\n\n\n<div style=\"height:16px\" aria-hidden=\"true\" class=\"wp-block-spacer\"><\/div>\n\n\n\n<h2 class=\"wp-block-heading\"><strong>Pro\u010d si&nbsp;vybrat Sudopark?<\/strong><\/h2>\n\n\n\n<p><strong>Unik\u00e1tn\u00ed prost\u0159ed\u00ed<\/strong><br>Kombinace modern\u00ed architektury a&nbsp;p\u0159\u00edrodn\u00edho okol\u00ed.<\/p>\n\n\n\n<p><strong>Flexibiln\u00ed prostory<\/strong><br>Konferen\u010dn\u00ed s\u00e1ly, venkovn\u00ed prostory a&nbsp;relaxa\u010dn\u00ed z\u00f3ny p\u0159izp\u016fsoben\u00e9 va\u0161im pot\u0159eb\u00e1m.<\/p>\n\n\n\n<p><strong>Komplexn\u00ed slu\u017eby<\/strong><br><a href=\"https:\/\/drive.google.com\/file\/d\/10k2PvDAh7VC7UnA4-mEiY_bWr9odRRKF\/view\">NOV\u00dd CATERING<\/a>, technick\u00e9 vybaven\u00ed a&nbsp;organizace akc\u00ed na&nbsp;m\u00edru.<\/p>\n\n\n\n<p><strong>Teambuildingov\u00e9 aktivity<\/strong><br>Od adrenalinov\u00fdch z\u00e1\u017eitk\u016f po&nbsp;kreativn\u00ed workshopy.<\/p>\n\n\n\n<p>Chcete se&nbsp;dozv\u011bd\u011bt v\u00edce o&nbsp;na\u0161ich mo\u017enostech a&nbsp;cen\u00e1ch? <strong>St\u00e1hn\u011bte si&nbsp;na\u0161i podrobnou nab\u00eddku pro&nbsp;firmy<\/strong> a&nbsp;objevte, jak&nbsp;m\u016f\u017eeme pomoci va\u0161\u00ed firm\u011b usp\u011bt.<\/p>\n\n\n\n<div style=\"height:16px\" aria-hidden=\"true\" class=\"wp-block-spacer\"><\/div>\n\n\n\n<div class=\"wp-block-buttons is-content-justification-center is-layout-flex wp-container-core-buttons-is-layout-16018d1d wp-block-buttons-is-layout-flex\">\n<div class=\"wp-block-button\"><a class=\"wp-block-button__link wp-element-button\" href=\"\/wp-content\/uploads\/Nabidka-pro-firmy-2025.pdf\" target=\"_blank\" rel=\"noreferrer noopener\">St\u00e1hnout nab\u00eddku<\/a><\/div>\n<\/div>\n","protected":false},"excerpt":{"rendered":"<p>V Sudoparku nab\u00edz\u00edme jedine\u010dn\u00e9 prostory a&nbsp;slu\u017eby pro&nbsp;va\u0161e firemn\u00ed akce, teambuildingy nebo pracovn\u00ed setk\u00e1n\u00ed. Na\u0161e modern\u00ed a&nbsp;flexibiln\u00ed prostory v&nbsp;srdci p\u0159\u00edrody jsou ide\u00e1ln\u00edm m\u00edstem pro&nbsp;podporu kreativity, pos\u00edlen\u00ed t\u00fdmov\u00e9ho ducha a&nbsp;vytvo\u0159en\u00ed nezapomenuteln\u00fdch z\u00e1\u017eitk\u016f pro&nbsp;va\u0161e zam\u011bstnance \u010di obchodn\u00ed partnery. Pro\u010d si&nbsp;vybrat Sudopark? Unik\u00e1tn\u00ed prost\u0159ed\u00edKombinace modern\u00ed architektury a&nbsp;p\u0159\u00edrodn\u00edho okol\u00ed. Flexibiln\u00ed prostoryKonferen\u010dn\u00ed s\u00e1ly, venkovn\u00ed prostory a&nbsp;relaxa\u010dn\u00ed z\u00f3ny p\u0159izp\u016fsoben\u00e9 va\u0161im pot\u0159eb\u00e1m. Komplexn\u00ed [&hellip;]<\/p>\n","protected":false},"author":2,"featured_media":313,"parent":0,"menu_order":0,"comment_status":"closed","ping_status":"closed","template":"template-fullpage.php","meta":{"footnotes":""},"class_list":["post-570","page","type-page","status-publish","has-post-thumbnail","hentry"],"acf":[],"yoast_head":"<!-- This site is optimized with the Yoast SEO plugin v25.1 - https:\/\/yoast.com\/wordpress\/plugins\/seo\/ -->\n<title>Nab\u00eddka pro firmy - SUDOPARK - Odpo\u010dinok v srdci pr\u00edrody, ubytovanie a wellness<\/title>\n<meta name=\"description\" content=\"Pl\u00e1nujete firemn\u00ed akci, teambuilding nebo \u0161kolen\u00ed? Sudopark nab\u00edz\u00ed stylov\u00e9 ubytov\u00e1n\u00ed, \u0161kol\u00edc\u00ed m\u00edstnost, wellness a z\u00e1\u017eitkov\u00e9 aktivity v srdci p\u0159\u00edrody \u2013 ide\u00e1ln\u00ed m\u00edsto pro v\u00e1\u0161 t\u00fdm.\" \/>\n<meta name=\"robots\" content=\"index, follow, max-snippet:-1, max-image-preview:large, max-video-preview:-1\" \/>\n<link rel=\"canonical\" href=\"https:\/\/www.sudopark.sk\/cs\/pro-firmy\/\" \/>\n<meta property=\"og:locale\" content=\"cs_CZ\" \/>\n<meta property=\"og:type\" content=\"article\" \/>\n<meta property=\"og:title\" content=\"Nab\u00eddka pro firmy - SUDOPARK - Odpo\u010dinok v srdci pr\u00edrody, ubytovanie a wellness\" \/>\n<meta property=\"og:description\" content=\"Pl\u00e1nujete firemn\u00ed akci, teambuilding nebo \u0161kolen\u00ed? Sudopark nab\u00edz\u00ed stylov\u00e9 ubytov\u00e1n\u00ed, \u0161kol\u00edc\u00ed m\u00edstnost, wellness a z\u00e1\u017eitkov\u00e9 aktivity v srdci p\u0159\u00edrody \u2013 ide\u00e1ln\u00ed m\u00edsto pro v\u00e1\u0161 t\u00fdm.\" \/>\n<meta property=\"og:url\" content=\"https:\/\/www.sudopark.sk\/cs\/pro-firmy\/\" \/>\n<meta property=\"og:site_name\" content=\"SUDOPARK - Odpo\u010dinok v srdci pr\u00edrody, ubytovanie a wellness\" \/>\n<meta property=\"article:publisher\" content=\"https:\/\/www.facebook.com\/sudopark\/\" \/>\n<meta property=\"article:modified_time\" content=\"2026-03-21T11:44:01+00:00\" \/>\n<meta property=\"og:image\" content=\"https:\/\/www.sudopark.sk\/wp-content\/uploads\/2021\/02\/001-min.jpg\" \/>\n\t<meta property=\"og:image:width\" content=\"1920\" \/>\n\t<meta property=\"og:image:height\" content=\"937\" \/>\n\t<meta property=\"og:image:type\" content=\"image\/jpeg\" \/>\n<meta name=\"twitter:card\" content=\"summary_large_image\" \/>\n<meta name=\"twitter:label1\" content=\"Odhadovan\u00e1 doba \u010dten\u00ed\" \/>\n\t<meta name=\"twitter:data1\" content=\"1 minuta\" \/>\n<script type=\"application\/ld+json\" class=\"yoast-schema-graph\">{\"@context\":\"https:\/\/schema.org\",\"@graph\":[{\"@type\":\"WebPage\",\"@id\":\"https:\/\/www.sudopark.sk\/cs\/pro-firmy\/\",\"url\":\"https:\/\/www.sudopark.sk\/cs\/pro-firmy\/\",\"name\":\"Nab\u00eddka pro firmy - SUDOPARK - Odpo\u010dinok v srdci pr\u00edrody, ubytovanie a wellness\",\"isPartOf\":{\"@id\":\"https:\/\/www.sudopark.sk\/#website\"},\"primaryImageOfPage\":{\"@id\":\"https:\/\/www.sudopark.sk\/cs\/pro-firmy\/#primaryimage\"},\"image\":{\"@id\":\"https:\/\/www.sudopark.sk\/cs\/pro-firmy\/#primaryimage\"},\"thumbnailUrl\":\"https:\/\/www.sudopark.sk\/wp-content\/uploads\/2021\/02\/001-min.jpg\",\"datePublished\":\"2025-05-14T21:46:19+00:00\",\"dateModified\":\"2026-03-21T11:44:01+00:00\",\"description\":\"Pl\u00e1nujete firemn\u00ed akci, teambuilding nebo \u0161kolen\u00ed? Sudopark nab\u00edz\u00ed stylov\u00e9 ubytov\u00e1n\u00ed, \u0161kol\u00edc\u00ed m\u00edstnost, wellness a z\u00e1\u017eitkov\u00e9 aktivity v srdci p\u0159\u00edrody \u2013 ide\u00e1ln\u00ed m\u00edsto pro v\u00e1\u0161 t\u00fdm.\",\"breadcrumb\":{\"@id\":\"https:\/\/www.sudopark.sk\/cs\/pro-firmy\/#breadcrumb\"},\"inLanguage\":\"cs\",\"potentialAction\":[{\"@type\":\"ReadAction\",\"target\":[\"https:\/\/www.sudopark.sk\/cs\/pro-firmy\/\"]}]},{\"@type\":\"ImageObject\",\"inLanguage\":\"cs\",\"@id\":\"https:\/\/www.sudopark.sk\/cs\/pro-firmy\/#primaryimage\",\"url\":\"https:\/\/www.sudopark.sk\/wp-content\/uploads\/2021\/02\/001-min.jpg\",\"contentUrl\":\"https:\/\/www.sudopark.sk\/wp-content\/uploads\/2021\/02\/001-min.jpg\",\"width\":1920,\"height\":937,\"caption\":\"Firemn\u00ed teambuilding v p\u0159\u00edrod\u011b \u2013 d\u0159ev\u011bn\u00e1 chalupa Sudoparku obklopen\u00e1 lesy, venkovn\u00ed posezen\u00ed a relax v koupac\u00edm sudu\"},{\"@type\":\"BreadcrumbList\",\"@id\":\"https:\/\/www.sudopark.sk\/cs\/pro-firmy\/#breadcrumb\",\"itemListElement\":[{\"@type\":\"ListItem\",\"position\":1,\"name\":\"Dom\u016f\",\"item\":\"https:\/\/www.sudopark.sk\/cs\/\"},{\"@type\":\"ListItem\",\"position\":2,\"name\":\"Nab\u00eddka pro firmy\"}]},{\"@type\":\"WebSite\",\"@id\":\"https:\/\/www.sudopark.sk\/#website\",\"url\":\"https:\/\/www.sudopark.sk\/\",\"name\":\"SUDOPARK - Odpo\u010dinok v srdci pr\u00edrody, ubytovanie a wellness\",\"description\":\"Ubytovanie v chatk\u00e1ch pr\u00edrode Kysuck\u00fdch Beskyd\u00e1ch\",\"publisher\":{\"@id\":\"https:\/\/www.sudopark.sk\/#organization\"},\"potentialAction\":[{\"@type\":\"SearchAction\",\"target\":{\"@type\":\"EntryPoint\",\"urlTemplate\":\"https:\/\/www.sudopark.sk\/?s={search_term_string}\"},\"query-input\":{\"@type\":\"PropertyValueSpecification\",\"valueRequired\":true,\"valueName\":\"search_term_string\"}}],\"inLanguage\":\"cs\"},{\"@type\":\"Organization\",\"@id\":\"https:\/\/www.sudopark.sk\/#organization\",\"name\":\"SUDOPARK - Ubytovanie v chatk\u00e1ch pr\u00edrode Kysuck\u00fdch Beskyd\u00e1ch\",\"url\":\"https:\/\/www.sudopark.sk\/\",\"logo\":{\"@type\":\"ImageObject\",\"inLanguage\":\"cs\",\"@id\":\"https:\/\/www.sudopark.sk\/#\/schema\/logo\/image\/\",\"url\":\"https:\/\/www.sudopark.sk\/wp-content\/uploads\/android-chrome-512x512-1.png\",\"contentUrl\":\"https:\/\/www.sudopark.sk\/wp-content\/uploads\/android-chrome-512x512-1.png\",\"width\":512,\"height\":512,\"caption\":\"SUDOPARK - Ubytovanie v chatk\u00e1ch pr\u00edrode Kysuck\u00fdch Beskyd\u00e1ch\"},\"image\":{\"@id\":\"https:\/\/www.sudopark.sk\/#\/schema\/logo\/image\/\"},\"sameAs\":[\"https:\/\/www.facebook.com\/sudopark\/\"]}]}<\/script>\n<!-- \/ Yoast SEO plugin. -->","yoast_head_json":{"title":"Nab\u00eddka pro firmy - SUDOPARK - Odpo\u010dinok v srdci pr\u00edrody, ubytovanie a wellness","description":"Pl\u00e1nujete firemn\u00ed akci, teambuilding nebo \u0161kolen\u00ed? Sudopark nab\u00edz\u00ed stylov\u00e9 ubytov\u00e1n\u00ed, \u0161kol\u00edc\u00ed m\u00edstnost, wellness a z\u00e1\u017eitkov\u00e9 aktivity v srdci p\u0159\u00edrody \u2013 ide\u00e1ln\u00ed m\u00edsto pro v\u00e1\u0161 t\u00fdm.","robots":{"index":"index","follow":"follow","max-snippet":"max-snippet:-1","max-image-preview":"max-image-preview:large","max-video-preview":"max-video-preview:-1"},"canonical":"https:\/\/www.sudopark.sk\/cs\/pro-firmy\/","og_locale":"cs_CZ","og_type":"article","og_title":"Nab\u00eddka pro firmy - SUDOPARK - Odpo\u010dinok v srdci pr\u00edrody, ubytovanie a wellness","og_description":"Pl\u00e1nujete firemn\u00ed akci, teambuilding nebo \u0161kolen\u00ed? Sudopark nab\u00edz\u00ed stylov\u00e9 ubytov\u00e1n\u00ed, \u0161kol\u00edc\u00ed m\u00edstnost, wellness a z\u00e1\u017eitkov\u00e9 aktivity v srdci p\u0159\u00edrody \u2013 ide\u00e1ln\u00ed m\u00edsto pro v\u00e1\u0161 t\u00fdm.","og_url":"https:\/\/www.sudopark.sk\/cs\/pro-firmy\/","og_site_name":"SUDOPARK - Odpo\u010dinok v srdci pr\u00edrody, ubytovanie a wellness","article_publisher":"https:\/\/www.facebook.com\/sudopark\/","article_modified_time":"2026-03-21T11:44:01+00:00","og_image":[{"width":1920,"height":937,"url":"https:\/\/www.sudopark.sk\/wp-content\/uploads\/2021\/02\/001-min.jpg","type":"image\/jpeg"}],"twitter_card":"summary_large_image","twitter_misc":{"Odhadovan\u00e1 doba \u010dten\u00ed":"1 minuta"},"schema":{"@context":"https:\/\/schema.org","@graph":[{"@type":"WebPage","@id":"https:\/\/www.sudopark.sk\/cs\/pro-firmy\/","url":"https:\/\/www.sudopark.sk\/cs\/pro-firmy\/","name":"Nab\u00eddka pro firmy - SUDOPARK - Odpo\u010dinok v srdci pr\u00edrody, ubytovanie a wellness","isPartOf":{"@id":"https:\/\/www.sudopark.sk\/#website"},"primaryImageOfPage":{"@id":"https:\/\/www.sudopark.sk\/cs\/pro-firmy\/#primaryimage"},"image":{"@id":"https:\/\/www.sudopark.sk\/cs\/pro-firmy\/#primaryimage"},"thumbnailUrl":"https:\/\/www.sudopark.sk\/wp-content\/uploads\/2021\/02\/001-min.jpg","datePublished":"2025-05-14T21:46:19+00:00","dateModified":"2026-03-21T11:44:01+00:00","description":"Pl\u00e1nujete firemn\u00ed akci, teambuilding nebo \u0161kolen\u00ed? Sudopark nab\u00edz\u00ed stylov\u00e9 ubytov\u00e1n\u00ed, \u0161kol\u00edc\u00ed m\u00edstnost, wellness a z\u00e1\u017eitkov\u00e9 aktivity v srdci p\u0159\u00edrody \u2013 ide\u00e1ln\u00ed m\u00edsto pro v\u00e1\u0161 t\u00fdm.","breadcrumb":{"@id":"https:\/\/www.sudopark.sk\/cs\/pro-firmy\/#breadcrumb"},"inLanguage":"cs","potentialAction":[{"@type":"ReadAction","target":["https:\/\/www.sudopark.sk\/cs\/pro-firmy\/"]}]},{"@type":"ImageObject","inLanguage":"cs","@id":"https:\/\/www.sudopark.sk\/cs\/pro-firmy\/#primaryimage","url":"https:\/\/www.sudopark.sk\/wp-content\/uploads\/2021\/02\/001-min.jpg","contentUrl":"https:\/\/www.sudopark.sk\/wp-content\/uploads\/2021\/02\/001-min.jpg","width":1920,"height":937,"caption":"Firemn\u00ed teambuilding v p\u0159\u00edrod\u011b \u2013 d\u0159ev\u011bn\u00e1 chalupa Sudoparku obklopen\u00e1 lesy, venkovn\u00ed posezen\u00ed a relax v koupac\u00edm sudu"},{"@type":"BreadcrumbList","@id":"https:\/\/www.sudopark.sk\/cs\/pro-firmy\/#breadcrumb","itemListElement":[{"@type":"ListItem","position":1,"name":"Dom\u016f","item":"https:\/\/www.sudopark.sk\/cs\/"},{"@type":"ListItem","position":2,"name":"Nab\u00eddka pro firmy"}]},{"@type":"WebSite","@id":"https:\/\/www.sudopark.sk\/#website","url":"https:\/\/www.sudopark.sk\/","name":"SUDOPARK - Odpo\u010dinok v srdci pr\u00edrody, ubytovanie a wellness","description":"Ubytovanie v chatk\u00e1ch pr\u00edrode Kysuck\u00fdch Beskyd\u00e1ch","publisher":{"@id":"https:\/\/www.sudopark.sk\/#organization"},"potentialAction":[{"@type":"SearchAction","target":{"@type":"EntryPoint","urlTemplate":"https:\/\/www.sudopark.sk\/?s={search_term_string}"},"query-input":{"@type":"PropertyValueSpecification","valueRequired":true,"valueName":"search_term_string"}}],"inLanguage":"cs"},{"@type":"Organization","@id":"https:\/\/www.sudopark.sk\/#organization","name":"SUDOPARK - Ubytovanie v chatk\u00e1ch pr\u00edrode Kysuck\u00fdch Beskyd\u00e1ch","url":"https:\/\/www.sudopark.sk\/","logo":{"@type":"ImageObject","inLanguage":"cs","@id":"https:\/\/www.sudopark.sk\/#\/schema\/logo\/image\/","url":"https:\/\/www.sudopark.sk\/wp-content\/uploads\/android-chrome-512x512-1.png","contentUrl":"https:\/\/www.sudopark.sk\/wp-content\/uploads\/android-chrome-512x512-1.png","width":512,"height":512,"caption":"SUDOPARK - Ubytovanie v chatk\u00e1ch pr\u00edrode Kysuck\u00fdch Beskyd\u00e1ch"},"image":{"@id":"https:\/\/www.sudopark.sk\/#\/schema\/logo\/image\/"},"sameAs":["https:\/\/www.facebook.com\/sudopark\/"]}]}},"_links":{"self":[{"href":"https:\/\/www.sudopark.sk\/cs\/wp-json\/wp\/v2\/pages\/570","targetHints":{"allow":["GET"]}}],"collection":[{"href":"https:\/\/www.sudopark.sk\/cs\/wp-json\/wp\/v2\/pages"}],"about":[{"href":"https:\/\/www.sudopark.sk\/cs\/wp-json\/wp\/v2\/types\/page"}],"author":[{"embeddable":true,"href":"https:\/\/www.sudopark.sk\/cs\/wp-json\/wp\/v2\/users\/2"}],"replies":[{"embeddable":true,"href":"https:\/\/www.sudopark.sk\/cs\/wp-json\/wp\/v2\/comments?post=570"}],"version-history":[{"count":11,"href":"https:\/\/www.sudopark.sk\/cs\/wp-json\/wp\/v2\/pages\/570\/revisions"}],"predecessor-version":[{"id":910,"href":"https:\/\/www.sudopark.sk\/cs\/wp-json\/wp\/v2\/pages\/570\/revisions\/910"}],"wp:featuredmedia":[{"embeddable":true,"href":"https:\/\/www.sudopark.sk\/cs\/wp-json\/wp\/v2\/media\/313"}],"wp:attachment":[{"href":"https:\/\/www.sudopark.sk\/cs\/wp-json\/wp\/v2\/media?parent=570"}],"curies":[{"name":"wp","href":"https:\/\/api.w.org\/{rel}","templated":true}]}}