{"id":469,"date":"2023-11-10T09:07:43","date_gmt":"2023-11-10T08:07:43","guid":{"rendered":"https:\/\/www.sudopark.sk\/?page_id=469"},"modified":"2023-11-10T10:28:10","modified_gmt":"2023-11-10T09:28:10","slug":"podminky-rezervace","status":"publish","type":"page","link":"https:\/\/www.sudopark.sk\/cs\/podminky-rezervace\/","title":{"rendered":"Podm\u00ednky rezervace"},"content":{"rendered":"\n<p>Tato on-line rezervace je&nbsp;poskytov\u00e1na firmou <strong>AGNIS <\/strong>jm\u00e9nem ubytovatele (tedy vybran\u00e9ho hotelu, nebo jin\u00e9ho ubytovac\u00edho za\u0159\u00edzen\u00ed).<\/p>\n\n\n\n<p>P\u0159ijet\u00edm t\u011bchto podm\u00ednek a&nbsp;dokon\u010den\u00edm procesu rezervace, AGNIS souhlas\u00ed s&nbsp;t\u00edm, \u017ee poskytne z\u00e1kazn\u00edkovi rezerva\u010dn\u00ed syst\u00e9m, kter\u00fd umo\u017en\u00ed rezervovat ubytov\u00e1n\u00ed tak, jak&nbsp;je&nbsp;uvedeno v&nbsp;t\u011bchto podm\u00ednk\u00e1ch rezervace. AGNIS souhlas\u00ed s&nbsp;t\u00edm, aby&nbsp;z\u00e1kazn\u00edk pou\u017eil tento rezerva\u010dn\u00ed syst\u00e9m, a&nbsp;to p\u0159i zachov\u00e1n\u00ed n\u00e1sleduj\u00edc\u00edch podm\u00ednek.<\/p>\n\n\n\n<p>Pro absolutn\u00ed vylou\u010den\u00ed v\u0161ech pochybnost\u00ed plat\u00ed, \u017ee neexistuje \u017e\u00e1dn\u00e1 rezerva\u010dn\u00ed smlouva mezi z\u00e1kazn\u00edkem (ubytovan\u00fdm) a&nbsp;firmou AGNIS, ale&nbsp;v\u017edy pouze mezi ubytovatelem (hotelem) a&nbsp;z\u00e1kazn\u00edkem (ubytovan\u00fdm).<\/p>\n\n\n\n<p>1. V&nbsp;p\u0159\u00edpad\u011b, \u017ee si&nbsp;z\u00e1kazn\u00edk rezervuje ubytov\u00e1n\u00ed s&nbsp;ubytovatelem pomoc\u00ed tohoto rezerva\u010dn\u00edho procesu, pak&nbsp;smlouva, kterou z\u00e1kazn\u00edk uzav\u0159e je&nbsp;v\u017edy pouze mezi z\u00e1kazn\u00edkem a&nbsp;ubytovatelem. Je povinnost\u00ed z\u00e1kazn\u00edka, pln\u011b se&nbsp;sezn\u00e1mit s&nbsp;podm\u00ednkami ubytovatele.<\/p>\n\n\n\n<p>2. Po dokon\u010den\u00ed procesu rezervace, se&nbsp;AGNIS o&nbsp;zavazuje, okam\u017eit\u011b a&nbsp;bez jak\u00e9koli prodlevy p\u0159edat z\u00e1kazn\u00edkovu rezervaci zvolen\u00e9mu ubytovateli.<\/p>\n\n\n\n<p>3. V&nbsp;p\u0159\u00edpad\u011b, \u017ee rezervace mezi z\u00e1kazn\u00edkem a&nbsp;ubytovatelem n\u00e1sledn\u011b sel\u017ee, ubytovatel odm\u00edtne nebo opomene poskytnout z\u00e1kazn\u00edkovi rezervovan\u00e9 ubytov\u00e1n\u00ed, AGNIS nenese \u017e\u00e1dnou odpov\u011bdnost. Vypln\u011bn\u00edm tohoto rezerva\u010dn\u00edho procesu, z\u00e1kazn\u00edk souhlas\u00ed s&nbsp;t\u00edm, \u017ee se&nbsp;vzd\u00e1 ve\u0161ker\u00fdch n\u00e1rok\u016f v\u016f\u010di AGNIS za&nbsp;jak\u00e9koliv ztr\u00e1ty nebo \u0161kody vypl\u00fdvaj\u00edc\u00ed ze&nbsp;selh\u00e1n\u00ed ubytovatele poskytnout rezervovan\u00e9 ubytov\u00e1n\u00ed. Tak\u00e9 v&nbsp;p\u0159\u00edpad\u011b, \u017ee poskytnut\u00e9 ubytov\u00e1n\u00ed je&nbsp;nedostate\u010dn\u00e9, nebo v&nbsp;pr\u016fb\u011bhu ubytov\u00e1n\u00ed vzniknou jak\u00e9koli ztr\u00e1ty \u010di \u0161kody (v\u010detn\u011b n\u00e1klad\u016f) AGNIS nenese \u017e\u00e1dnou odpov\u011bdnost.<\/p>\n\n\n\n<p>4. Pro&nbsp;\u0159\u00e1dn\u00e9 zaji\u0161t\u011bn\u00ed rezervace s&nbsp;ubytovatelem, z\u00e1kazn\u00edk mus\u00ed dodat kontaktn\u00ed \u00fadaje, jako je&nbsp;jm\u00e9no, adresa, telefonn\u00ed \u010d\u00edslo, e-mail a&nbsp;platn\u00e9 \u010d\u00edslo kreditn\u00ed karty. Tyto informace jsou k&nbsp;dispozici pouze ubytovateli pro&nbsp;zabezpe\u010den\u00ed a&nbsp;zaji\u0161t\u011bn\u00ed rezervace z\u00e1kazn\u00edka. Ve\u0161ker\u00fd p\u0159enos osobn\u00edch \u00fadaj\u016f je&nbsp;prov\u00e1d\u011bt p\u0159es zabezpe\u010den\u00e9 p\u0159ipojen\u00ed SSL.<\/p>\n\n\n\n<p>5. Pro&nbsp;zaji\u0161t\u011bn\u00ed rezervace s&nbsp;ubytovatelem, m\u016f\u017ee b\u00fdt z\u00e1kazn\u00edk po\u017e\u00e1d\u00e1n o&nbsp;\u00fadaje kreditn\u00ed karty. Pokud bude o&nbsp;kreditn\u00ed kartu po\u017e\u00e1d\u00e1n, mus\u00ed z\u00e1kazn\u00edk zadat platn\u00e9 \u00fadaje kreditn\u00ed karty a&nbsp;poskytnut\u00e1 kreditn\u00ed karta mus\u00ed b\u00fdt v&nbsp;leg\u00e1ln\u00edm dr\u017een\u00ed z\u00e1kazn\u00edka. Je-li po\u017eadov\u00e1na z\u00e1loha a&nbsp;rezerva\u010dn\u00ed poplatek pro&nbsp;zaji\u0161t\u011bn\u00ed z\u00e1kazn\u00edkovi rezervace, z\u00e1kazn\u00edk souhlas\u00ed se&nbsp;str\u017een\u00edm t\u00e9to z\u00e1lohy z&nbsp;kreditn\u00ed karty. Z\u00e1kazn\u00edk je&nbsp;v&nbsp;souladu s&nbsp;t\u011bmito podm\u00ednkami sezn\u00e1men a&nbsp;souhlas\u00ed se&nbsp;skute\u010dnost\u00ed, \u017ee se&nbsp;jedn\u00e1 o&nbsp;nevratn\u00fd poplatek.<\/p>\n\n\n\n<p>6. AGNIS si&nbsp;vyhrazuje pr\u00e1vo odm\u00edtnout dokon\u010den\u00ed rezervace z\u00e1kazn\u00edka v&nbsp;p\u0159\u00edpad\u011b, \u017ee \u00fadaje zadan\u00e9 z\u00e1kazn\u00edkem v&nbsp;rezerva\u010dn\u00edm procesu nespl\u0148uj\u00ed povinn\u00e9 po\u017eadavky, nebo jsou neplatn\u00e9.<\/p>\n\n\n\n<p>7. Z\u00e1kazn\u00edk je&nbsp;povinen zaplatit ubytovateli v\u0161echny n\u00e1klady a&nbsp;platby spojen\u00e9 s&nbsp;rezervovan\u00fdm ubytov\u00e1n\u00edm tak, jak&nbsp;je&nbsp;uvedeno v&nbsp;proveden\u00e9 rezervaci, a&nbsp;to p\u0159i p\u0159\u00edjezdu do&nbsp;ubytovac\u00edho za\u0159\u00edzen\u00ed, nebo po&nbsp;vy\u010d\u00edslen\u00ed kone\u010dn\u00e9 \u010d\u00e1stky za&nbsp;v\u0161echny slu\u017eby poskytnut\u00e9 ubytovatelem. Pokud byla zaplacena z\u00e1loha p\u0159i rezervaci, pak&nbsp;z\u00e1kazn\u00edk bude hradit ubytovateli rozd\u00edl ubytovac\u00edch n\u00e1klad\u016f, jak&nbsp;je&nbsp;uvedeno v&nbsp;potvrzen\u00ed rezervace, a&nbsp;to po&nbsp;p\u0159\u00edjezdu na&nbsp;m\u00edsto ubytov\u00e1n\u00ed. Skute\u010dn\u00e9 n\u00e1klady jsou splatn\u00e9 obvykle v&nbsp;hotelov\u00e9 m\u00edstn\u00ed m\u011bn\u011b, jak&nbsp;je&nbsp;uvedeno v&nbsp;rezervaci. Orienta\u010dn\u00ed alternativn\u00ed kurzy m\u011bn pou\u017e\u00edvan\u00fdch pro&nbsp;odhad n\u00e1klad\u016f a&nbsp;rozd\u00edlu n\u00e1klad\u016f jsou v\u017edy podle sou\u010dasn\u00fdch sm\u011bnn\u00fdch kurz\u016f a&nbsp;podl\u00e9haj\u00ed v\u00fdkyv\u016fm.<\/p>\n\n\n\n<p>8. Je v\u00fdhradn\u00ed odpov\u011bdnost\u00ed z\u00e1kazn\u00edka informovat ubytovatele o&nbsp;v\u0161ech nov\u00fdch nebo zm\u011bn\u011bn\u00fdch po\u017eadavc\u00edch, v\u010detn\u011b zm\u011bn v&nbsp;\u010dase p\u0159\u00edjezdu nebo zru\u0161en\u00ed rezervace. Z\u00e1kazn\u00edk je&nbsp;sezn\u00e1men se&nbsp;skute\u010dnost\u00ed, \u017ee v&nbsp;p\u0159\u00edpad\u011b zru\u0161en\u00ed rezervace m\u016f\u017ee b\u00fdt storno poplatek \u00fa\u010dtov\u00e1n ze&nbsp;strany ubytovatele formou ode\u010dten\u00ed finan\u010dn\u00edch prost\u0159edk\u016f z&nbsp;va\u0161\u00ed kreditn\u00ed karty v&nbsp;souladu s&nbsp;podm\u00ednkami ubytovatele. Podrobnosti o&nbsp;v\u0161ech t\u011bchto storno poplatc\u00edch jsou obsa\u017eeny v&nbsp;rezerva\u010dn\u00edm procesu a&nbsp;v&nbsp;e-mailu zaslan\u00e9m z\u00e1kazn\u00edkovi po&nbsp;dokon\u010den\u00ed rezerva\u010dn\u00edho procesu.<\/p>\n\n\n\n<p>9. V&nbsp;p\u0159\u00edpad\u011b, \u017ee na&nbsp;zadan\u00e9 kreditn\u00ed kart\u011b, kterou z\u00e1kazn\u00edk poskytuje jako z\u00e1ruku rezervace, nejsou dostate\u010dn\u00e9 finan\u010dn\u00ed prost\u0159edky k&nbsp;dokon\u010den\u00ed navrhovan\u00e9 rezervace, pak&nbsp;je&nbsp;tato rezervace neplatn\u00e1. Tot\u00e9\u017e plat\u00ed i&nbsp;v&nbsp;p\u0159\u00edpad\u011b, \u017ee u&nbsp;kreditn\u00ed karty uplynulo datum ukon\u010den\u00ed platnosti, nebo projde datum ukon\u010den\u00ed jej\u00ed platnosti p\u0159ed datem p\u0159\u00edjezdu zvolen\u00e9m v&nbsp;rezerva\u010dn\u00edm procesu.<\/p>\n\n\n\n<p>10. Vypln\u011bn\u00edm t\u00e9to rezervace, z\u00e1kazn\u00edk povoluje ubytovateli \u00fa\u010dtovat z&nbsp;p\u0159edlo\u017een\u00e9 kreditn\u00ed karty ve\u0161ker\u00e9 n\u00e1klady spojen\u00e9 se&nbsp;stornem, jak&nbsp;je&nbsp;uvedeno v\u00fd\u0161e.<\/p>\n\n\n\n<p>11. AGNIS nenese \u017e\u00e1dnou odpov\u011bdnost, pokud informace z\u00edskan\u00e9 od&nbsp;z\u00e1kazn\u00edka (kter\u00e9 dodal z\u00e1kazn\u00edk a&nbsp;jsou p\u0159esn\u011b a&nbsp;aktu\u00e1ln\u011b obsa\u017een\u00e9 v&nbsp;rezerva\u010dn\u00edm procesu) jsou jakkoli ubytovatelem zm\u011bn\u011bny nebo zam\u011bn\u011bny.<\/p>\n\n\n\n<p>12. Z\u00e1kony, jimi\u017e se&nbsp;\u0159\u00edd\u00ed poskytov\u00e1n\u00ed tohoto rezerva\u010dn\u00edho syst\u00e9mu a&nbsp;procesu, jsou z\u00e1kony platn\u00e9 ve&nbsp;Slovensk\u00e9 republice. Pokud jsou tyto podm\u00ednky uvedeny v&nbsp;jin\u00e9m jazyce ne\u017e v&nbsp;slovensk\u00e9m jazyce, jsou tyto p\u0159eklady pou\u017e\u00edv\u00e1ny pouze pro&nbsp;pohodl\u00ed u\u017eivatel\u016f a&nbsp;slovensk\u00e1 verze t\u011bchto podm\u00ednek m\u00e1 pr\u00e1vn\u00ed p\u0159ednost.<\/p>\n\n\n\n<p>14. Pr\u00e1vn\u00ed vztahy mezi provozovatelem a&nbsp;z\u00e1kazn\u00edkem, jako\u017e i&nbsp;v\u0161echny pr\u00e1vn\u00ed vztahy z&nbsp;toho vypl\u00fdvaj\u00edc\u00ed se&nbsp;\u0159\u00edd\u00ed pr\u00e1vn\u00edm \u0159\u00e1dem Slovensk\u00e9 republiky.&nbsp;<\/p>\n\n\n\n<p>Jak\u00fdkoli spor vypl\u00fdvaj\u00edc\u00ed z&nbsp;t\u011bchto obchodn\u00edch podm\u00ednek nebo pr\u00e1vn\u00edch vztah\u016f na&nbsp;jejich z\u00e1klad\u011b vznikl\u00fdch, v\u010detn\u011b sporu o&nbsp;v\u00fdklad t\u011bchto obchodn\u00edch podm\u00ednek, v&nbsp;p\u0159\u00edpad\u011b, \u017ee se&nbsp;mezi \u00fa\u010dastn\u00edky pr\u00e1vn\u00edho vztahu nedos\u00e1hne sm\u00edrn\u00e9ho vy\u0159e\u0161en\u00ed sporu, bude n\u00e1le\u017eet do&nbsp;pravomoci slovensk\u00fdch soud\u016f. Pokud n\u011bkter\u00e9 z&nbsp;ustanoven\u00ed t\u011bchto obchodn\u00edch podm\u00ednek je&nbsp;nebo se&nbsp;stane neplatn\u00fdm, ne\u00fa\u010dinn\u00fdm nebo nevynutiteln\u00fdm, nedot\u00fdk\u00e1 se&nbsp;takov\u00e1 neplatnost, ne\u00fa\u010dinnost nebo nevynutitelnost platnosti a&nbsp;\u00fa\u010dinnosti ostatn\u00edch ustanoven\u00ed t\u011bchto obchodn\u00edch podm\u00ednek.&nbsp;<\/p>\n\n\n\n<p>15. V&nbsp;\u010d\u00e1stech v\u00fdslovn\u011b neupraven\u00fdch v&nbsp;t\u011bchto obchodn\u00edch podm\u00ednk\u00e1ch plat\u00ed podm\u00ednky upraven\u00e9 v&nbsp;n\u00e1v\u0161t\u011bvn\u00edm \u0159\u00e1du a&nbsp;ve v\u0161eobecn\u00fdch obchodn\u00edch podm\u00ednk\u00e1ch prodejn\u00edho syst\u00e9mu AGNIS.\u00a0<\/p>\n\n\n\n<p>V p\u0159\u00edpad\u011b, \u017ee ustanoven\u00ed t\u011bchto obchodn\u00edch podm\u00ednek obsahuj\u00ed odli\u0161nou \u00fapravu ne\u017e n\u00e1v\u0161t\u011bvn\u00ed \u0159\u00e1d nebo v\u0161eobecn\u00e9 obchodn\u00ed podm\u00ednky prodejn\u00edho syst\u00e9mu AGNIS, p\u0159ednost maj\u00ed ustanoven\u00ed t\u011bchto obchodn\u00edch podm\u00ednek.\u00a0<\/p>\n\n\n\n<p>V rozsahu, v&nbsp;jak\u00e9m se&nbsp;ustanoven\u00ed t\u011bchto obchodn\u00edch podm\u00ednek li\u0161\u00ed od&nbsp;ustanoven\u00ed n\u00e1v\u0161t\u011bvn\u00edho \u0159\u00e1du a&nbsp;v\u0161eobecn\u00fdch obchodn\u00edch podm\u00ednek prodejn\u00edho syst\u00e9mu AGNIS, jsou rozhoduj\u00edc\u00ed ustanoven\u00ed t\u011bchto obchodn\u00edch podm\u00ednek.\u00a016. Ubytovan\u00fd host m\u00e1 pr\u00e1vo podat n\u00e1vrh na&nbsp;mimosoudn\u00ed \u0159e\u0161en\u00ed takov\u00e9ho sporu ur\u010den\u00e9mu subjektu mimosoudn\u00edho \u0159e\u0161en\u00ed spot\u0159ebitelsk\u00fdch spor\u016f, kter\u00fdm je: <strong>Org\u00e1n dozoru \u00dast\u0159edn\u00ed inspektor\u00e1t Slovensk\u00e9 obchodn\u00ed inspekce, Prievozsk\u00e1 32, Bratislava Inspektor\u00e1t SOI&nbsp;se&nbsp;s\u00eddlem v&nbsp;\u017dilin\u011b pro&nbsp;\u017dilinsk\u00fd kraj, P\u0159edm\u011bstsk\u00e1 71, 011&nbsp;79&nbsp;\u017dilina.<\/strong><\/p>\n","protected":false},"excerpt":{"rendered":"<p>Tato on-line rezervace je&nbsp;poskytov\u00e1na firmou AGNIS jm\u00e9nem ubytovatele (tedy vybran\u00e9ho hotelu, nebo jin\u00e9ho ubytovac\u00edho za\u0159\u00edzen\u00ed). P\u0159ijet\u00edm t\u011bchto podm\u00ednek a&nbsp;dokon\u010den\u00edm procesu rezervace, AGNIS souhlas\u00ed s&nbsp;t\u00edm, \u017ee poskytne z\u00e1kazn\u00edkovi rezerva\u010dn\u00ed syst\u00e9m, kter\u00fd umo\u017en\u00ed rezervovat ubytov\u00e1n\u00ed tak, jak&nbsp;je&nbsp;uvedeno v&nbsp;t\u011bchto podm\u00ednk\u00e1ch rezervace. AGNIS souhlas\u00ed s&nbsp;t\u00edm, aby&nbsp;z\u00e1kazn\u00edk pou\u017eil tento rezerva\u010dn\u00ed syst\u00e9m, a&nbsp;to p\u0159i zachov\u00e1n\u00ed n\u00e1sleduj\u00edc\u00edch podm\u00ednek. Pro absolutn\u00ed vylou\u010den\u00ed v\u0161ech [&hellip;]<\/p>\n","protected":false},"author":2,"featured_media":314,"parent":0,"menu_order":0,"comment_status":"closed","ping_status":"closed","template":"template-fullpage.php","meta":{"footnotes":""},"class_list":["post-469","page","type-page","status-publish","has-post-thumbnail","hentry"],"acf":[],"yoast_head":"<!-- This site is optimized with the Yoast SEO plugin v25.1 - https:\/\/yoast.com\/wordpress\/plugins\/seo\/ -->\n<title>Podm\u00ednky rezervace - SUDOPARK - Odpo\u010dinok v srdci pr\u00edrody, ubytovanie a wellness<\/title>\n<meta name=\"robots\" content=\"noindex, nofollow\" \/>\n<meta property=\"og:locale\" content=\"cs_CZ\" \/>\n<meta property=\"og:type\" content=\"article\" \/>\n<meta property=\"og:title\" content=\"Podm\u00ednky rezervace - SUDOPARK - Odpo\u010dinok v srdci pr\u00edrody, ubytovanie a wellness\" \/>\n<meta property=\"og:description\" content=\"Tato on-line rezervace je&nbsp;poskytov\u00e1na firmou AGNIS jm\u00e9nem ubytovatele (tedy vybran\u00e9ho hotelu, nebo jin\u00e9ho ubytovac\u00edho za\u0159\u00edzen\u00ed). P\u0159ijet\u00edm t\u011bchto podm\u00ednek a&nbsp;dokon\u010den\u00edm procesu rezervace, AGNIS souhlas\u00ed s&nbsp;t\u00edm, \u017ee poskytne z\u00e1kazn\u00edkovi rezerva\u010dn\u00ed syst\u00e9m, kter\u00fd umo\u017en\u00ed rezervovat ubytov\u00e1n\u00ed tak, jak&nbsp;je&nbsp;uvedeno v&nbsp;t\u011bchto podm\u00ednk\u00e1ch rezervace. AGNIS souhlas\u00ed s&nbsp;t\u00edm, aby&nbsp;z\u00e1kazn\u00edk pou\u017eil tento rezerva\u010dn\u00ed syst\u00e9m, a&nbsp;to p\u0159i zachov\u00e1n\u00ed n\u00e1sleduj\u00edc\u00edch podm\u00ednek. Pro absolutn\u00ed vylou\u010den\u00ed v\u0161ech [&hellip;]\" \/>\n<meta property=\"og:url\" content=\"https:\/\/www.sudopark.sk\/cs\/podminky-rezervace\/\" \/>\n<meta property=\"og:site_name\" content=\"SUDOPARK - Odpo\u010dinok v srdci pr\u00edrody, ubytovanie a wellness\" \/>\n<meta property=\"article:publisher\" content=\"https:\/\/www.facebook.com\/sudopark\/\" \/>\n<meta property=\"article:modified_time\" content=\"2023-11-10T09:28:10+00:00\" \/>\n<meta property=\"og:image\" content=\"https:\/\/www.sudopark.sk\/wp-content\/uploads\/2021\/02\/002-min.jpg\" \/>\n\t<meta property=\"og:image:width\" content=\"1000\" \/>\n\t<meta property=\"og:image:height\" content=\"564\" \/>\n\t<meta property=\"og:image:type\" content=\"image\/jpeg\" \/>\n<meta name=\"twitter:card\" content=\"summary_large_image\" \/>\n<meta name=\"twitter:label1\" content=\"Odhadovan\u00e1 doba \u010dten\u00ed\" \/>\n\t<meta name=\"twitter:data1\" content=\"5 minut\" \/>\n<script type=\"application\/ld+json\" class=\"yoast-schema-graph\">{\"@context\":\"https:\/\/schema.org\",\"@graph\":[{\"@type\":\"WebPage\",\"@id\":\"https:\/\/www.sudopark.sk\/cs\/podminky-rezervace\/\",\"url\":\"https:\/\/www.sudopark.sk\/cs\/podminky-rezervace\/\",\"name\":\"Podm\u00ednky rezervace - SUDOPARK - Odpo\u010dinok v srdci pr\u00edrody, ubytovanie a wellness\",\"isPartOf\":{\"@id\":\"https:\/\/www.sudopark.sk\/#website\"},\"primaryImageOfPage\":{\"@id\":\"https:\/\/www.sudopark.sk\/cs\/podminky-rezervace\/#primaryimage\"},\"image\":{\"@id\":\"https:\/\/www.sudopark.sk\/cs\/podminky-rezervace\/#primaryimage\"},\"thumbnailUrl\":\"https:\/\/www.sudopark.sk\/wp-content\/uploads\/2021\/02\/002-min.jpg\",\"datePublished\":\"2023-11-10T08:07:43+00:00\",\"dateModified\":\"2023-11-10T09:28:10+00:00\",\"breadcrumb\":{\"@id\":\"https:\/\/www.sudopark.sk\/cs\/podminky-rezervace\/#breadcrumb\"},\"inLanguage\":\"cs\",\"potentialAction\":[{\"@type\":\"ReadAction\",\"target\":[\"https:\/\/www.sudopark.sk\/cs\/podminky-rezervace\/\"]}]},{\"@type\":\"ImageObject\",\"inLanguage\":\"cs\",\"@id\":\"https:\/\/www.sudopark.sk\/cs\/podminky-rezervace\/#primaryimage\",\"url\":\"https:\/\/www.sudopark.sk\/wp-content\/uploads\/2021\/02\/002-min.jpg\",\"contentUrl\":\"https:\/\/www.sudopark.sk\/wp-content\/uploads\/2021\/02\/002-min.jpg\",\"width\":1000,\"height\":564,\"caption\":\"Drevenica na pren\u00e1jom v Sudoparku \u2013 ubytovanie na Kysuciach\"},{\"@type\":\"BreadcrumbList\",\"@id\":\"https:\/\/www.sudopark.sk\/cs\/podminky-rezervace\/#breadcrumb\",\"itemListElement\":[{\"@type\":\"ListItem\",\"position\":1,\"name\":\"Dom\u016f\",\"item\":\"https:\/\/www.sudopark.sk\/cs\/\"},{\"@type\":\"ListItem\",\"position\":2,\"name\":\"Podm\u00ednky rezervace\"}]},{\"@type\":\"WebSite\",\"@id\":\"https:\/\/www.sudopark.sk\/#website\",\"url\":\"https:\/\/www.sudopark.sk\/\",\"name\":\"SUDOPARK - Odpo\u010dinok v srdci pr\u00edrody, ubytovanie a wellness\",\"description\":\"Ubytovanie v chatk\u00e1ch pr\u00edrode Kysuck\u00fdch Beskyd\u00e1ch\",\"publisher\":{\"@id\":\"https:\/\/www.sudopark.sk\/#organization\"},\"potentialAction\":[{\"@type\":\"SearchAction\",\"target\":{\"@type\":\"EntryPoint\",\"urlTemplate\":\"https:\/\/www.sudopark.sk\/?s={search_term_string}\"},\"query-input\":{\"@type\":\"PropertyValueSpecification\",\"valueRequired\":true,\"valueName\":\"search_term_string\"}}],\"inLanguage\":\"cs\"},{\"@type\":\"Organization\",\"@id\":\"https:\/\/www.sudopark.sk\/#organization\",\"name\":\"SUDOPARK - Ubytovanie v chatk\u00e1ch pr\u00edrode Kysuck\u00fdch Beskyd\u00e1ch\",\"url\":\"https:\/\/www.sudopark.sk\/\",\"logo\":{\"@type\":\"ImageObject\",\"inLanguage\":\"cs\",\"@id\":\"https:\/\/www.sudopark.sk\/#\/schema\/logo\/image\/\",\"url\":\"https:\/\/www.sudopark.sk\/wp-content\/uploads\/android-chrome-512x512-1.png\",\"contentUrl\":\"https:\/\/www.sudopark.sk\/wp-content\/uploads\/android-chrome-512x512-1.png\",\"width\":512,\"height\":512,\"caption\":\"SUDOPARK - Ubytovanie v chatk\u00e1ch pr\u00edrode Kysuck\u00fdch Beskyd\u00e1ch\"},\"image\":{\"@id\":\"https:\/\/www.sudopark.sk\/#\/schema\/logo\/image\/\"},\"sameAs\":[\"https:\/\/www.facebook.com\/sudopark\/\"]}]}<\/script>\n<!-- \/ Yoast SEO plugin. -->","yoast_head_json":{"title":"Podm\u00ednky rezervace - SUDOPARK - Odpo\u010dinok v srdci pr\u00edrody, ubytovanie a wellness","robots":{"index":"noindex","follow":"nofollow"},"og_locale":"cs_CZ","og_type":"article","og_title":"Podm\u00ednky rezervace - SUDOPARK - Odpo\u010dinok v srdci pr\u00edrody, ubytovanie a wellness","og_description":"Tato on-line rezervace je&nbsp;poskytov\u00e1na firmou AGNIS jm\u00e9nem ubytovatele (tedy vybran\u00e9ho hotelu, nebo jin\u00e9ho ubytovac\u00edho za\u0159\u00edzen\u00ed). P\u0159ijet\u00edm t\u011bchto podm\u00ednek a&nbsp;dokon\u010den\u00edm procesu rezervace, AGNIS souhlas\u00ed s&nbsp;t\u00edm, \u017ee poskytne z\u00e1kazn\u00edkovi rezerva\u010dn\u00ed syst\u00e9m, kter\u00fd umo\u017en\u00ed rezervovat ubytov\u00e1n\u00ed tak, jak&nbsp;je&nbsp;uvedeno v&nbsp;t\u011bchto podm\u00ednk\u00e1ch rezervace. AGNIS souhlas\u00ed s&nbsp;t\u00edm, aby&nbsp;z\u00e1kazn\u00edk pou\u017eil tento rezerva\u010dn\u00ed syst\u00e9m, a&nbsp;to p\u0159i zachov\u00e1n\u00ed n\u00e1sleduj\u00edc\u00edch podm\u00ednek. Pro absolutn\u00ed vylou\u010den\u00ed v\u0161ech [&hellip;]","og_url":"https:\/\/www.sudopark.sk\/cs\/podminky-rezervace\/","og_site_name":"SUDOPARK - Odpo\u010dinok v srdci pr\u00edrody, ubytovanie a wellness","article_publisher":"https:\/\/www.facebook.com\/sudopark\/","article_modified_time":"2023-11-10T09:28:10+00:00","og_image":[{"width":1000,"height":564,"url":"https:\/\/www.sudopark.sk\/wp-content\/uploads\/2021\/02\/002-min.jpg","type":"image\/jpeg"}],"twitter_card":"summary_large_image","twitter_misc":{"Odhadovan\u00e1 doba \u010dten\u00ed":"5 minut"},"schema":{"@context":"https:\/\/schema.org","@graph":[{"@type":"WebPage","@id":"https:\/\/www.sudopark.sk\/cs\/podminky-rezervace\/","url":"https:\/\/www.sudopark.sk\/cs\/podminky-rezervace\/","name":"Podm\u00ednky rezervace - SUDOPARK - Odpo\u010dinok v srdci pr\u00edrody, ubytovanie a wellness","isPartOf":{"@id":"https:\/\/www.sudopark.sk\/#website"},"primaryImageOfPage":{"@id":"https:\/\/www.sudopark.sk\/cs\/podminky-rezervace\/#primaryimage"},"image":{"@id":"https:\/\/www.sudopark.sk\/cs\/podminky-rezervace\/#primaryimage"},"thumbnailUrl":"https:\/\/www.sudopark.sk\/wp-content\/uploads\/2021\/02\/002-min.jpg","datePublished":"2023-11-10T08:07:43+00:00","dateModified":"2023-11-10T09:28:10+00:00","breadcrumb":{"@id":"https:\/\/www.sudopark.sk\/cs\/podminky-rezervace\/#breadcrumb"},"inLanguage":"cs","potentialAction":[{"@type":"ReadAction","target":["https:\/\/www.sudopark.sk\/cs\/podminky-rezervace\/"]}]},{"@type":"ImageObject","inLanguage":"cs","@id":"https:\/\/www.sudopark.sk\/cs\/podminky-rezervace\/#primaryimage","url":"https:\/\/www.sudopark.sk\/wp-content\/uploads\/2021\/02\/002-min.jpg","contentUrl":"https:\/\/www.sudopark.sk\/wp-content\/uploads\/2021\/02\/002-min.jpg","width":1000,"height":564,"caption":"Drevenica na pren\u00e1jom v Sudoparku \u2013 ubytovanie na Kysuciach"},{"@type":"BreadcrumbList","@id":"https:\/\/www.sudopark.sk\/cs\/podminky-rezervace\/#breadcrumb","itemListElement":[{"@type":"ListItem","position":1,"name":"Dom\u016f","item":"https:\/\/www.sudopark.sk\/cs\/"},{"@type":"ListItem","position":2,"name":"Podm\u00ednky rezervace"}]},{"@type":"WebSite","@id":"https:\/\/www.sudopark.sk\/#website","url":"https:\/\/www.sudopark.sk\/","name":"SUDOPARK - Odpo\u010dinok v srdci pr\u00edrody, ubytovanie a wellness","description":"Ubytovanie v chatk\u00e1ch pr\u00edrode Kysuck\u00fdch Beskyd\u00e1ch","publisher":{"@id":"https:\/\/www.sudopark.sk\/#organization"},"potentialAction":[{"@type":"SearchAction","target":{"@type":"EntryPoint","urlTemplate":"https:\/\/www.sudopark.sk\/?s={search_term_string}"},"query-input":{"@type":"PropertyValueSpecification","valueRequired":true,"valueName":"search_term_string"}}],"inLanguage":"cs"},{"@type":"Organization","@id":"https:\/\/www.sudopark.sk\/#organization","name":"SUDOPARK - Ubytovanie v chatk\u00e1ch pr\u00edrode Kysuck\u00fdch Beskyd\u00e1ch","url":"https:\/\/www.sudopark.sk\/","logo":{"@type":"ImageObject","inLanguage":"cs","@id":"https:\/\/www.sudopark.sk\/#\/schema\/logo\/image\/","url":"https:\/\/www.sudopark.sk\/wp-content\/uploads\/android-chrome-512x512-1.png","contentUrl":"https:\/\/www.sudopark.sk\/wp-content\/uploads\/android-chrome-512x512-1.png","width":512,"height":512,"caption":"SUDOPARK - Ubytovanie v chatk\u00e1ch pr\u00edrode Kysuck\u00fdch Beskyd\u00e1ch"},"image":{"@id":"https:\/\/www.sudopark.sk\/#\/schema\/logo\/image\/"},"sameAs":["https:\/\/www.facebook.com\/sudopark\/"]}]}},"_links":{"self":[{"href":"https:\/\/www.sudopark.sk\/cs\/wp-json\/wp\/v2\/pages\/469","targetHints":{"allow":["GET"]}}],"collection":[{"href":"https:\/\/www.sudopark.sk\/cs\/wp-json\/wp\/v2\/pages"}],"about":[{"href":"https:\/\/www.sudopark.sk\/cs\/wp-json\/wp\/v2\/types\/page"}],"author":[{"embeddable":true,"href":"https:\/\/www.sudopark.sk\/cs\/wp-json\/wp\/v2\/users\/2"}],"replies":[{"embeddable":true,"href":"https:\/\/www.sudopark.sk\/cs\/wp-json\/wp\/v2\/comments?post=469"}],"version-history":[{"count":5,"href":"https:\/\/www.sudopark.sk\/cs\/wp-json\/wp\/v2\/pages\/469\/revisions"}],"predecessor-version":[{"id":485,"href":"https:\/\/www.sudopark.sk\/cs\/wp-json\/wp\/v2\/pages\/469\/revisions\/485"}],"wp:featuredmedia":[{"embeddable":true,"href":"https:\/\/www.sudopark.sk\/cs\/wp-json\/wp\/v2\/media\/314"}],"wp:attachment":[{"href":"https:\/\/www.sudopark.sk\/cs\/wp-json\/wp\/v2\/media?parent=469"}],"curies":[{"name":"wp","href":"https:\/\/api.w.org\/{rel}","templated":true}]}}