{"id":450,"date":"2023-11-10T08:52:49","date_gmt":"2023-11-10T07:52:49","guid":{"rendered":"https:\/\/www.sudopark.sk\/ubytovaci-poriadok\/"},"modified":"2023-11-10T09:05:47","modified_gmt":"2023-11-10T08:05:47","slug":"ubytovaci-poriadok","status":"publish","type":"page","link":"https:\/\/www.sudopark.sk\/cs\/ubytovaci-poriadok\/","title":{"rendered":"Ubytovac\u00ed \u0159\u00e1d"},"content":{"rendered":"\n<p><em>V\u00e1\u017een\u00ed a&nbsp;mil\u00ed host\u00e9,<\/em><\/p>\n\n\n\n<p><em>Srde\u010dn\u011b V\u00e1s v\u00edt\u00e1me v&nbsp;na\u0161em rekrea\u010dn\u00edm are\u00e1lu.<\/em><\/p>\n\n\n\n<p><em>Dovolte, abychom V\u00e1s sezn\u00e1mily s&nbsp;pravidly ubytov\u00e1n\u00ed. V\u011b\u0159\u00edme, \u017ee jejich dodr\u017eov\u00e1n\u00edm si&nbsp;u\u017eijete nejen V\u00e1\u0161 pobyt, ale&nbsp;umo\u017en\u00edte to&nbsp;i&nbsp;ostatn\u00edm host\u016fm. M\u011bjte pros\u00edm na&nbsp;pam\u011bti, \u017ee u&nbsp;se n\u00e1s sna\u017e\u00edme o&nbsp;maxim\u00e1ln\u00ed respekt k&nbsp;p\u0159\u00edrod\u011b tak, abychom si&nbsp;jej\u00ed kr\u00e1sy mohli opravdu u\u017e\u00edvat a&nbsp;neru\u0161ili ani&nbsp;spolubydl\u00edc\u00ed z&nbsp;\u0159\u00ed\u0161e zv\u00ed\u0159at a&nbsp;rostlin.<\/em><\/p>\n\n\n\n<p><em>D\u011bkujeme mnohokr\u00e1t \u017ee jste si&nbsp;pro sv\u016fj odpo\u010dinek vybrali na\u0161e ubytovac\u00ed kapacity a&nbsp;p\u0159ejeme kr\u00e1sn\u00e9 dny&nbsp;v&nbsp;na\u0161\u00ed srubov\u00e9 vesni\u010dce.<\/em><\/p>\n\n\n\n<p class=\"has-text-align-right\"><strong><em>Martin Stoklasa, provozovatel SUDOPARK s.r.o.<\/em><\/strong><\/p>\n\n\n\n<div style=\"height:34px\" aria-hidden=\"true\" class=\"wp-block-spacer\"><\/div>\n\n\n\n<p>V ubytovac\u00edm za\u0159\u00edzen\u00ed m\u016f\u017ee b\u00fdt ubytov\u00e1n pouze host, kter\u00fd je&nbsp;k&nbsp;ubytov\u00e1n\u00ed p\u0159ihl\u00e1\u0161en po&nbsp;p\u0159edlo\u017een\u00ed ob\u010dansk\u00e9ho pr\u016fkazu, platn\u00e9ho cestovn\u00edho pasu nebo jin\u00e9ho dokladu o&nbsp;toto\u017enosti<\/p>\n\n\n\n<p class=\"has-text-align-center\">&nbsp;<strong>Check-in je&nbsp;od&nbsp;15:00 hodin, check-out do&nbsp;10.00 hodin&nbsp;<\/strong><\/p>\n\n\n\n<p>U\u017e\u00edv\u00e1n\u00ed ubytovac\u00edho za\u0159\u00edzen\u00ed je&nbsp;dovoleno pouze osob\u00e1m, kter\u00e9 nejsou posti\u017eeni infek\u010dn\u00edmi nemocemi, aby&nbsp;nedoch\u00e1zelo k&nbsp;mo\u017enosti jejich p\u0159enosu na&nbsp;ostatn\u00ed hosty. Jestli\u017ee tento fakt bude ubytovateli zatajen a&nbsp;ten jej&nbsp;n\u00e1sledn\u011b zjist\u00ed, m\u016f\u017ee b\u00fdt pobyt hosta bez&nbsp;finan\u010dn\u00ed n\u00e1hrady ukon\u010den<\/p>\n\n\n\n<p>V ubytovac\u00edm za\u0159\u00edzen\u00ed nesm\u00ed b\u00fdt p\u0159emis\u0165ov\u00e1n n\u00e1bytek, prov\u00e1d\u011bny z\u00e1sahy do&nbsp;elektrick\u00e9 \u010di jin\u00e9 instalace. Je zak\u00e1z\u00e1no vstupovat na&nbsp;st\u0159echu ubytovac\u00edho za\u0159\u00edzen\u00ed.<\/p>\n\n\n\n<p>Nen\u00ed dovoleno pou\u017e\u00edvat vlastn\u00edch elektrospot\u0159ebi\u010d\u016f, krom\u011b t\u011bch, kter\u00e9 jsou k&nbsp;dispozici v&nbsp;ubytovac\u00edm za\u0159\u00edzen\u00ed. Je dovoleno pou\u017eit\u00ed nab\u00edje\u010dek notebook\u016f, mobiln\u00edch telefon\u016f a&nbsp;jin\u00e9 mobiln\u00ed komunikace.<\/p>\n\n\n\n<p>Z d\u016fvodu zamezen\u00ed zne\u010di\u0161t\u011bn\u00ed spodn\u00edch vod&nbsp;je&nbsp;host je&nbsp;povinen pou\u017e\u00edvat schv\u00e1len\u00e9 hygienick\u00e9 a&nbsp;\u010dist\u00edc\u00ed prost\u0159edky zejm\u00e9na m\u00fddla, \u0161amp\u00f3ny a&nbsp;sapon\u00e1ty.&nbsp;&nbsp;<\/p>\n\n\n\n<p>Host odpov\u00edd\u00e1 v&nbsp;pln\u00e9m rozsahu za&nbsp;\u0161kody zp\u016fsoben\u00e9 na&nbsp;majetku ubytovac\u00edho za\u0159\u00edzen\u00ed j\u00edm sam\u00fdm, jeho d\u011btmi a&nbsp;rovn\u011b\u017e osobami jemu sv\u011b\u0159en\u00fdmi do&nbsp;p\u00e9\u010de \u010di zv\u00ed\u0159aty. P\u0159\u00edpadn\u00e9 takto vznikl\u00e9 \u0161kody je&nbsp;host povinen uhradit na&nbsp;m\u00edst\u011b p\u0159ed sv\u00fdm odjezdem. V\u00fd\u0161e \u0161kody se&nbsp;stanov\u00ed dohodou nebo stanoviskem p\u0159\u00edslu\u0161n\u00e9 odborn\u00e9 firmy. Host m\u00e1 za&nbsp;povinnost bezodkladn\u011b ohl\u00e1sit p\u0159\u00edpadn\u00e9 p\u0159edchoz\u00ed \u0161kody v&nbsp;ubytovac\u00edm za\u0159\u00edzen\u00ed \u010di na&nbsp;jeho vybaven\u00ed. Pokud tak&nbsp;neu\u010din\u00ed, m\u00e1 se&nbsp;za&nbsp;to, \u017ee dodate\u010dn\u011b zji\u0161t\u011bn\u00e9 \u0161kody zp\u016fsobil s\u00e1m.<\/p>\n\n\n\n<p>Vybaven\u00ed ubytovac\u00edch za\u0159\u00edzen\u00ed host vyu\u017e\u00edv\u00e1 pouze pro&nbsp;\u00fa\u010dely, pro&nbsp;kter\u00e9 je&nbsp;toto za\u0159\u00edzen\u00ed ur\u010deno a&nbsp;odpov\u00edd\u00e1 pln\u011b za&nbsp;\u0161kodu zp\u016fsobenou \u00famysln\u011b nebo nedbalost\u00ed. Dojde-li k&nbsp;\u00famysln\u00e9mu po\u0161kozen\u00ed pokoje, nebo jeho zne\u010di\u0161t\u011bn\u00ed do&nbsp;t\u00e9 m\u00edry, \u017ee nem\u016f\u017ee b\u00fdt po&nbsp;\u00faklidu op\u011bt pronajat, hrad\u00ed host na&nbsp;m\u00edst\u011b v&nbsp;hotovosti krom\u011b prac\u00ed pot\u0159ebn\u00fdch k&nbsp;n\u00e1prav\u011b po\u0161kozen\u00ed nebo zne\u010di\u0161t\u011bn\u00ed i&nbsp;pln\u00fd poplatek za&nbsp;tyto dny.<\/p>\n\n\n\n<p>Ubytovan\u00fd host nen\u00ed opr\u00e1vn\u011bn umo\u017enit p\u0159enocov\u00e1n\u00ed osob\u00e1m, kter\u00e9 nejsou \u0159\u00e1dn\u011b k&nbsp;ubytov\u00e1n\u00ed p\u0159ihl\u00e1\u0161eny a&nbsp;neuhradily poplatek za&nbsp;ubytov\u00e1n\u00ed.<\/p>\n\n\n\n<p>P\u0159\u00edpadnou ztr\u00e1tu kl\u00ed\u010d\u016f nebo z\u00e1mk\u016f je&nbsp;host povinen nahl\u00e1sit bez&nbsp;prodlen\u00ed poskytovateli a&nbsp;uhradit \u0161kodu t\u00edmto zp\u016fsobenou (n\u00e1klady spojen\u00e9 s&nbsp;v\u00fdm\u011bnou z\u00e1mk\u016f).<\/p>\n\n\n\n<p class=\"has-text-align-center\"><strong>&nbsp;Kou\u0159en\u00ed je&nbsp;v&nbsp;ubytovac\u00edch za\u0159\u00edzen\u00edch zak\u00e1z\u00e1no.<\/strong><\/p>\n\n\n\n<p>Parkov\u00e1n\u00ed vozidel host\u016f je&nbsp;mo\u017en\u00e9 na&nbsp;vyhrazen\u00fdch m\u00edstech. Poskytovatel neru\u010d\u00ed za&nbsp;p\u0159\u00edpadn\u00e9 odcizen\u00ed vozidla nebo v\u011bc\u00ed v&nbsp;n\u011bm.<\/p>\n\n\n\n<p>Poskytovatel neodpov\u00edd\u00e1 za&nbsp;v\u011bci vnesen\u00e9 hostem do&nbsp;ubytovac\u00edho za\u0159\u00edzen\u00ed a&nbsp;za v\u011bci v&nbsp;ubytovac\u00edm za\u0159\u00edzen\u00ed odlo\u017een\u00e9.<\/p>\n\n\n\n<p>Host je&nbsp;povinen p\u0159i odchodu z&nbsp;ubytovac\u00edho za\u0159\u00edzen\u00ed uzav\u0159\u00edt vodovodn\u00ed kohoutky, vypnout ve\u0161ker\u00e1 za\u0159\u00edzen\u00ed vyu\u017e\u00edvaj\u00edc\u00ed elektrick\u00e9 s\u00edt\u011b a&nbsp;plynu, zhasnout sv\u011btla, zav\u0159\u00edt okna pokoje a&nbsp;uzamknout dve\u0159e.<\/p>\n\n\n\n<p class=\"has-text-align-center\"><strong>V dob\u011b od&nbsp;22:00 hod&nbsp;do&nbsp;7:00 hod&nbsp;je&nbsp;host povinen dodr\u017eovat no\u010dn\u00ed klid.&nbsp;&nbsp;<\/strong><\/p>\n\n\n\n<p>Pohyb ps\u016f se&nbsp;\u0159\u00edd\u00ed Obecn\u011b z\u00e1vaznou vyhl\u00e1\u0161kou obce Kloko\u010dov o&nbsp;voln\u00e9m pohybu ps\u016f. Majitel psa&nbsp;je&nbsp;povinen v\u00e9st psa&nbsp;na&nbsp;vod\u00edtku tak, aby&nbsp;neobt\u011b\u017eoval jin\u00e9 osoby, neohro\u017eoval jejich zdrav\u00ed nebo majetek. V&nbsp;obci&nbsp; Kloko\u010dov je&nbsp;zak\u00e1z\u00e1no vstupovat se&nbsp;psy na&nbsp;d\u011btsk\u00e1 h\u0159i\u0161t\u011b a&nbsp;p\u00edskovi\u0161t\u011b. Majitel psa&nbsp;je&nbsp;povinen uklidit po&nbsp;sv\u00e9m mazl\u00ed\u010dkovi v\u00fdkaly.<\/p>\n\n\n\n<p>Host je&nbsp;povinen sezn\u00e1mit se&nbsp;a&nbsp;dodr\u017eovat ustanoven\u00ed tohoto ubytovac\u00edho \u0159\u00e1du a&nbsp;po\u017e\u00e1rn\u00edho \u0159\u00e1du. V&nbsp;p\u0159\u00edpad\u011b, \u017ee je&nbsp;poru\u0161\u00ed, m\u00e1 ubytovatel pr\u00e1vo od&nbsp;smlouvy o&nbsp;poskytnut\u00ed ubytovac\u00ed slu\u017eby odstoupit p\u0159ed uplynut\u00edm sjednan\u00e9 doby.<\/p>\n\n\n\n<p><strong>SUDOPARK s.r.o.\u00a0Martin Stoklasa, zastupuj\u00edc\u00ed firmu SUDOPARK s.r.o. s\u00eddlo Kloko\u010dov 404, 023&nbsp;22&nbsp;Kloko\u010dov, Slovensk\u00e1 Republika, I\u010c: 36672157; DI\u010c: SK 2022249581, kontakt: sudopark@sudopark.sk; +421 915\u00a0558\u00a0811<\/strong><\/p>\n","protected":false},"excerpt":{"rendered":"<p>V\u00e1\u017een\u00ed a&nbsp;mil\u00ed host\u00e9, Srde\u010dn\u011b V\u00e1s v\u00edt\u00e1me v&nbsp;na\u0161em rekrea\u010dn\u00edm are\u00e1lu. Dovolte, abychom V\u00e1s sezn\u00e1mily s&nbsp;pravidly ubytov\u00e1n\u00ed. V\u011b\u0159\u00edme, \u017ee jejich dodr\u017eov\u00e1n\u00edm si&nbsp;u\u017eijete nejen V\u00e1\u0161 pobyt, ale&nbsp;umo\u017en\u00edte to&nbsp;i&nbsp;ostatn\u00edm host\u016fm. M\u011bjte pros\u00edm na&nbsp;pam\u011bti, \u017ee u&nbsp;se n\u00e1s sna\u017e\u00edme o&nbsp;maxim\u00e1ln\u00ed respekt k&nbsp;p\u0159\u00edrod\u011b tak, abychom si&nbsp;jej\u00ed kr\u00e1sy mohli opravdu u\u017e\u00edvat a&nbsp;neru\u0161ili ani&nbsp;spolubydl\u00edc\u00ed z&nbsp;\u0159\u00ed\u0161e zv\u00ed\u0159at a&nbsp;rostlin. D\u011bkujeme mnohokr\u00e1t \u017ee jste si&nbsp;pro sv\u016fj odpo\u010dinek [&hellip;]<\/p>\n","protected":false},"author":2,"featured_media":351,"parent":0,"menu_order":0,"comment_status":"closed","ping_status":"closed","template":"template-fullpage.php","meta":{"footnotes":""},"class_list":["post-450","page","type-page","status-publish","has-post-thumbnail","hentry"],"acf":[],"yoast_head":"<!-- This site is optimized with the Yoast SEO plugin v25.1 - https:\/\/yoast.com\/wordpress\/plugins\/seo\/ -->\n<title>Ubytovac\u00ed \u0159\u00e1d - SUDOPARK - Odpo\u010dinok v srdci pr\u00edrody, ubytovanie a wellness<\/title>\n<meta name=\"robots\" content=\"noindex, nofollow\" \/>\n<meta property=\"og:locale\" content=\"cs_CZ\" \/>\n<meta property=\"og:type\" content=\"article\" \/>\n<meta property=\"og:title\" content=\"Ubytovac\u00ed \u0159\u00e1d - SUDOPARK - Odpo\u010dinok v srdci pr\u00edrody, ubytovanie a wellness\" \/>\n<meta property=\"og:description\" content=\"V\u00e1\u017een\u00ed a&nbsp;mil\u00ed host\u00e9, Srde\u010dn\u011b V\u00e1s v\u00edt\u00e1me v&nbsp;na\u0161em rekrea\u010dn\u00edm are\u00e1lu. Dovolte, abychom V\u00e1s sezn\u00e1mily s&nbsp;pravidly ubytov\u00e1n\u00ed. V\u011b\u0159\u00edme, \u017ee jejich dodr\u017eov\u00e1n\u00edm si&nbsp;u\u017eijete nejen V\u00e1\u0161 pobyt, ale&nbsp;umo\u017en\u00edte to&nbsp;i&nbsp;ostatn\u00edm host\u016fm. M\u011bjte pros\u00edm na&nbsp;pam\u011bti, \u017ee u&nbsp;se n\u00e1s sna\u017e\u00edme o&nbsp;maxim\u00e1ln\u00ed respekt k&nbsp;p\u0159\u00edrod\u011b tak, abychom si&nbsp;jej\u00ed kr\u00e1sy mohli opravdu u\u017e\u00edvat a&nbsp;neru\u0161ili ani&nbsp;spolubydl\u00edc\u00ed z&nbsp;\u0159\u00ed\u0161e zv\u00ed\u0159at a&nbsp;rostlin. D\u011bkujeme mnohokr\u00e1t \u017ee jste si&nbsp;pro sv\u016fj odpo\u010dinek [&hellip;]\" \/>\n<meta property=\"og:url\" content=\"https:\/\/www.sudopark.sk\/cs\/ubytovaci-poriadok\/\" \/>\n<meta property=\"og:site_name\" content=\"SUDOPARK - Odpo\u010dinok v srdci pr\u00edrody, ubytovanie a wellness\" \/>\n<meta property=\"article:publisher\" content=\"https:\/\/www.facebook.com\/sudopark\/\" \/>\n<meta property=\"article:modified_time\" content=\"2023-11-10T08:05:47+00:00\" \/>\n<meta property=\"og:image\" content=\"https:\/\/www.sudopark.sk\/wp-content\/uploads\/2021\/02\/90276d40ef1f53486b9dfd2ddafea877-min.jpg\" \/>\n\t<meta property=\"og:image:width\" content=\"2048\" \/>\n\t<meta property=\"og:image:height\" content=\"1365\" \/>\n\t<meta property=\"og:image:type\" content=\"image\/jpeg\" \/>\n<meta name=\"twitter:card\" content=\"summary_large_image\" \/>\n<meta name=\"twitter:label1\" content=\"Odhadovan\u00e1 doba \u010dten\u00ed\" \/>\n\t<meta name=\"twitter:data1\" content=\"4 minuty\" \/>\n<script type=\"application\/ld+json\" class=\"yoast-schema-graph\">{\"@context\":\"https:\/\/schema.org\",\"@graph\":[{\"@type\":\"WebPage\",\"@id\":\"https:\/\/www.sudopark.sk\/cs\/ubytovaci-poriadok\/\",\"url\":\"https:\/\/www.sudopark.sk\/cs\/ubytovaci-poriadok\/\",\"name\":\"Ubytovac\u00ed \u0159\u00e1d - SUDOPARK - Odpo\u010dinok v srdci pr\u00edrody, ubytovanie a wellness\",\"isPartOf\":{\"@id\":\"https:\/\/www.sudopark.sk\/#website\"},\"primaryImageOfPage\":{\"@id\":\"https:\/\/www.sudopark.sk\/cs\/ubytovaci-poriadok\/#primaryimage\"},\"image\":{\"@id\":\"https:\/\/www.sudopark.sk\/cs\/ubytovaci-poriadok\/#primaryimage\"},\"thumbnailUrl\":\"https:\/\/www.sudopark.sk\/wp-content\/uploads\/2021\/02\/90276d40ef1f53486b9dfd2ddafea877-min.jpg\",\"datePublished\":\"2023-11-10T07:52:49+00:00\",\"dateModified\":\"2023-11-10T08:05:47+00:00\",\"breadcrumb\":{\"@id\":\"https:\/\/www.sudopark.sk\/cs\/ubytovaci-poriadok\/#breadcrumb\"},\"inLanguage\":\"cs\",\"potentialAction\":[{\"@type\":\"ReadAction\",\"target\":[\"https:\/\/www.sudopark.sk\/cs\/ubytovaci-poriadok\/\"]}]},{\"@type\":\"ImageObject\",\"inLanguage\":\"cs\",\"@id\":\"https:\/\/www.sudopark.sk\/cs\/ubytovaci-poriadok\/#primaryimage\",\"url\":\"https:\/\/www.sudopark.sk\/wp-content\/uploads\/2021\/02\/90276d40ef1f53486b9dfd2ddafea877-min.jpg\",\"contentUrl\":\"https:\/\/www.sudopark.sk\/wp-content\/uploads\/2021\/02\/90276d40ef1f53486b9dfd2ddafea877-min.jpg\",\"width\":2048,\"height\":1365},{\"@type\":\"BreadcrumbList\",\"@id\":\"https:\/\/www.sudopark.sk\/cs\/ubytovaci-poriadok\/#breadcrumb\",\"itemListElement\":[{\"@type\":\"ListItem\",\"position\":1,\"name\":\"Dom\u016f\",\"item\":\"https:\/\/www.sudopark.sk\/cs\/\"},{\"@type\":\"ListItem\",\"position\":2,\"name\":\"Ubytovac\u00ed \u0159\u00e1d\"}]},{\"@type\":\"WebSite\",\"@id\":\"https:\/\/www.sudopark.sk\/#website\",\"url\":\"https:\/\/www.sudopark.sk\/\",\"name\":\"SUDOPARK - Odpo\u010dinok v srdci pr\u00edrody, ubytovanie a wellness\",\"description\":\"Ubytovanie v chatk\u00e1ch pr\u00edrode Kysuck\u00fdch Beskyd\u00e1ch\",\"publisher\":{\"@id\":\"https:\/\/www.sudopark.sk\/#organization\"},\"potentialAction\":[{\"@type\":\"SearchAction\",\"target\":{\"@type\":\"EntryPoint\",\"urlTemplate\":\"https:\/\/www.sudopark.sk\/?s={search_term_string}\"},\"query-input\":{\"@type\":\"PropertyValueSpecification\",\"valueRequired\":true,\"valueName\":\"search_term_string\"}}],\"inLanguage\":\"cs\"},{\"@type\":\"Organization\",\"@id\":\"https:\/\/www.sudopark.sk\/#organization\",\"name\":\"SUDOPARK - Ubytovanie v chatk\u00e1ch pr\u00edrode Kysuck\u00fdch Beskyd\u00e1ch\",\"url\":\"https:\/\/www.sudopark.sk\/\",\"logo\":{\"@type\":\"ImageObject\",\"inLanguage\":\"cs\",\"@id\":\"https:\/\/www.sudopark.sk\/#\/schema\/logo\/image\/\",\"url\":\"https:\/\/www.sudopark.sk\/wp-content\/uploads\/android-chrome-512x512-1.png\",\"contentUrl\":\"https:\/\/www.sudopark.sk\/wp-content\/uploads\/android-chrome-512x512-1.png\",\"width\":512,\"height\":512,\"caption\":\"SUDOPARK - Ubytovanie v chatk\u00e1ch pr\u00edrode Kysuck\u00fdch Beskyd\u00e1ch\"},\"image\":{\"@id\":\"https:\/\/www.sudopark.sk\/#\/schema\/logo\/image\/\"},\"sameAs\":[\"https:\/\/www.facebook.com\/sudopark\/\"]}]}<\/script>\n<!-- \/ Yoast SEO plugin. -->","yoast_head_json":{"title":"Ubytovac\u00ed \u0159\u00e1d - SUDOPARK - Odpo\u010dinok v srdci pr\u00edrody, ubytovanie a wellness","robots":{"index":"noindex","follow":"nofollow"},"og_locale":"cs_CZ","og_type":"article","og_title":"Ubytovac\u00ed \u0159\u00e1d - SUDOPARK - Odpo\u010dinok v srdci pr\u00edrody, ubytovanie a wellness","og_description":"V\u00e1\u017een\u00ed a&nbsp;mil\u00ed host\u00e9, Srde\u010dn\u011b V\u00e1s v\u00edt\u00e1me v&nbsp;na\u0161em rekrea\u010dn\u00edm are\u00e1lu. Dovolte, abychom V\u00e1s sezn\u00e1mily s&nbsp;pravidly ubytov\u00e1n\u00ed. V\u011b\u0159\u00edme, \u017ee jejich dodr\u017eov\u00e1n\u00edm si&nbsp;u\u017eijete nejen V\u00e1\u0161 pobyt, ale&nbsp;umo\u017en\u00edte to&nbsp;i&nbsp;ostatn\u00edm host\u016fm. M\u011bjte pros\u00edm na&nbsp;pam\u011bti, \u017ee u&nbsp;se n\u00e1s sna\u017e\u00edme o&nbsp;maxim\u00e1ln\u00ed respekt k&nbsp;p\u0159\u00edrod\u011b tak, abychom si&nbsp;jej\u00ed kr\u00e1sy mohli opravdu u\u017e\u00edvat a&nbsp;neru\u0161ili ani&nbsp;spolubydl\u00edc\u00ed z&nbsp;\u0159\u00ed\u0161e zv\u00ed\u0159at a&nbsp;rostlin. D\u011bkujeme mnohokr\u00e1t \u017ee jste si&nbsp;pro sv\u016fj odpo\u010dinek [&hellip;]","og_url":"https:\/\/www.sudopark.sk\/cs\/ubytovaci-poriadok\/","og_site_name":"SUDOPARK - Odpo\u010dinok v srdci pr\u00edrody, ubytovanie a wellness","article_publisher":"https:\/\/www.facebook.com\/sudopark\/","article_modified_time":"2023-11-10T08:05:47+00:00","og_image":[{"width":2048,"height":1365,"url":"https:\/\/www.sudopark.sk\/wp-content\/uploads\/2021\/02\/90276d40ef1f53486b9dfd2ddafea877-min.jpg","type":"image\/jpeg"}],"twitter_card":"summary_large_image","twitter_misc":{"Odhadovan\u00e1 doba \u010dten\u00ed":"4 minuty"},"schema":{"@context":"https:\/\/schema.org","@graph":[{"@type":"WebPage","@id":"https:\/\/www.sudopark.sk\/cs\/ubytovaci-poriadok\/","url":"https:\/\/www.sudopark.sk\/cs\/ubytovaci-poriadok\/","name":"Ubytovac\u00ed \u0159\u00e1d - SUDOPARK - Odpo\u010dinok v srdci pr\u00edrody, ubytovanie a wellness","isPartOf":{"@id":"https:\/\/www.sudopark.sk\/#website"},"primaryImageOfPage":{"@id":"https:\/\/www.sudopark.sk\/cs\/ubytovaci-poriadok\/#primaryimage"},"image":{"@id":"https:\/\/www.sudopark.sk\/cs\/ubytovaci-poriadok\/#primaryimage"},"thumbnailUrl":"https:\/\/www.sudopark.sk\/wp-content\/uploads\/2021\/02\/90276d40ef1f53486b9dfd2ddafea877-min.jpg","datePublished":"2023-11-10T07:52:49+00:00","dateModified":"2023-11-10T08:05:47+00:00","breadcrumb":{"@id":"https:\/\/www.sudopark.sk\/cs\/ubytovaci-poriadok\/#breadcrumb"},"inLanguage":"cs","potentialAction":[{"@type":"ReadAction","target":["https:\/\/www.sudopark.sk\/cs\/ubytovaci-poriadok\/"]}]},{"@type":"ImageObject","inLanguage":"cs","@id":"https:\/\/www.sudopark.sk\/cs\/ubytovaci-poriadok\/#primaryimage","url":"https:\/\/www.sudopark.sk\/wp-content\/uploads\/2021\/02\/90276d40ef1f53486b9dfd2ddafea877-min.jpg","contentUrl":"https:\/\/www.sudopark.sk\/wp-content\/uploads\/2021\/02\/90276d40ef1f53486b9dfd2ddafea877-min.jpg","width":2048,"height":1365},{"@type":"BreadcrumbList","@id":"https:\/\/www.sudopark.sk\/cs\/ubytovaci-poriadok\/#breadcrumb","itemListElement":[{"@type":"ListItem","position":1,"name":"Dom\u016f","item":"https:\/\/www.sudopark.sk\/cs\/"},{"@type":"ListItem","position":2,"name":"Ubytovac\u00ed \u0159\u00e1d"}]},{"@type":"WebSite","@id":"https:\/\/www.sudopark.sk\/#website","url":"https:\/\/www.sudopark.sk\/","name":"SUDOPARK - Odpo\u010dinok v srdci pr\u00edrody, ubytovanie a wellness","description":"Ubytovanie v chatk\u00e1ch pr\u00edrode Kysuck\u00fdch Beskyd\u00e1ch","publisher":{"@id":"https:\/\/www.sudopark.sk\/#organization"},"potentialAction":[{"@type":"SearchAction","target":{"@type":"EntryPoint","urlTemplate":"https:\/\/www.sudopark.sk\/?s={search_term_string}"},"query-input":{"@type":"PropertyValueSpecification","valueRequired":true,"valueName":"search_term_string"}}],"inLanguage":"cs"},{"@type":"Organization","@id":"https:\/\/www.sudopark.sk\/#organization","name":"SUDOPARK - Ubytovanie v chatk\u00e1ch pr\u00edrode Kysuck\u00fdch Beskyd\u00e1ch","url":"https:\/\/www.sudopark.sk\/","logo":{"@type":"ImageObject","inLanguage":"cs","@id":"https:\/\/www.sudopark.sk\/#\/schema\/logo\/image\/","url":"https:\/\/www.sudopark.sk\/wp-content\/uploads\/android-chrome-512x512-1.png","contentUrl":"https:\/\/www.sudopark.sk\/wp-content\/uploads\/android-chrome-512x512-1.png","width":512,"height":512,"caption":"SUDOPARK - Ubytovanie v chatk\u00e1ch pr\u00edrode Kysuck\u00fdch Beskyd\u00e1ch"},"image":{"@id":"https:\/\/www.sudopark.sk\/#\/schema\/logo\/image\/"},"sameAs":["https:\/\/www.facebook.com\/sudopark\/"]}]}},"_links":{"self":[{"href":"https:\/\/www.sudopark.sk\/cs\/wp-json\/wp\/v2\/pages\/450","targetHints":{"allow":["GET"]}}],"collection":[{"href":"https:\/\/www.sudopark.sk\/cs\/wp-json\/wp\/v2\/pages"}],"about":[{"href":"https:\/\/www.sudopark.sk\/cs\/wp-json\/wp\/v2\/types\/page"}],"author":[{"embeddable":true,"href":"https:\/\/www.sudopark.sk\/cs\/wp-json\/wp\/v2\/users\/2"}],"replies":[{"embeddable":true,"href":"https:\/\/www.sudopark.sk\/cs\/wp-json\/wp\/v2\/comments?post=450"}],"version-history":[{"count":6,"href":"https:\/\/www.sudopark.sk\/cs\/wp-json\/wp\/v2\/pages\/450\/revisions"}],"predecessor-version":[{"id":468,"href":"https:\/\/www.sudopark.sk\/cs\/wp-json\/wp\/v2\/pages\/450\/revisions\/468"}],"wp:featuredmedia":[{"embeddable":true,"href":"https:\/\/www.sudopark.sk\/cs\/wp-json\/wp\/v2\/media\/351"}],"wp:attachment":[{"href":"https:\/\/www.sudopark.sk\/cs\/wp-json\/wp\/v2\/media?parent=450"}],"curies":[{"name":"wp","href":"https:\/\/api.w.org\/{rel}","templated":true}]}}