{"id":435,"date":"2023-11-10T08:23:09","date_gmt":"2023-11-10T07:23:09","guid":{"rendered":"https:\/\/www.sudopark.sk\/?page_id=435"},"modified":"2023-11-10T08:26:21","modified_gmt":"2023-11-10T07:26:21","slug":"zasady-ochrany-osobnich-udaju-gdpr","status":"publish","type":"page","link":"https:\/\/www.sudopark.sk\/cs\/zasady-ochrany-osobnich-udaju-gdpr\/","title":{"rendered":"Z\u00e1sady ochrany osobn\u00edch \u00fadaj\u016f GDPR"},"content":{"rendered":"\n<p>V\u00e1\u017e\u00edme si&nbsp;ochrany soukrom\u00ed a&nbsp;va\u0161e osobn\u00ed \u00fadaje zpracov\u00e1v\u00e1me pouze s&nbsp;va\u0161\u00edm souhlasem.<\/p>\n\n\n\n<p>Martin Stoklasa, zastupuj\u00edc\u00ed firmu SUDOPARK s.r.o. s\u00eddlo Kloko\u010dov 404, 023&nbsp;22&nbsp;Kloko\u010dov, Slovensk\u00e1 Republika, I\u010c: 36672157; DI\u010c: SK 2022249581&nbsp; zpracov\u00e1v\u00e1 osobn\u00ed \u00fadaje v&nbsp;souladu s&nbsp;ustanoven\u00edm podle \u010dl. 26&nbsp;Na\u0159\u00edzen\u00ed, v&nbsp;p\u0159\u00edpad\u011b va\u0161\u00ed popt\u00e1vky slu\u017eeb ve&nbsp;smyslu na\u0159\u00edzen\u00ed Evropsk\u00e9ho parlamentu a&nbsp;Rady (EU) \u010d. 2016\/679 o&nbsp;ochran\u011b fyzick\u00fdch osob v&nbsp;souvislosti se&nbsp;zpracov\u00e1n\u00edm osobn\u00edch \u00fadaj\u016f a&nbsp;o&nbsp;voln\u00e9m pohybu t\u011bchto \u00fadaj\u016f a&nbsp;o&nbsp;zru\u0161en\u00ed sm\u011brnice 95\/46\/ES (obecn\u00e9 na\u0159\u00edzen\u00ed o&nbsp;ochran\u011b osobn\u00edch \u00fadaj\u016f) (d\u0159\u00edve i&nbsp;d\u00e1le jen&nbsp;\u201eNa\u0159\u00edzen\u00ed\u201c), n\u00e1sleduj\u00edc\u00ed osobn\u00ed \u00fadaje:<\/p>\n\n\n\n<ul class=\"wp-block-list\">\n<li>jm\u00e9no a&nbsp;p\u0159\u00edjmen\u00ed,<\/li>\n\n\n\n<li>e-mailovou adresu,<\/li>\n\n\n\n<li>telefon,<\/li>\n\n\n\n<li>text zpr\u00e1vy.<\/li>\n<\/ul>\n\n\n\n<p>Jm\u00e9no, p\u0159\u00edjmen\u00ed, emailovou adresu a&nbsp;telefon je&nbsp;nutn\u00e9 zpracovat pro&nbsp;vytvo\u0159en\u00ed nab\u00eddky slu\u017eeb, jedn\u00e1n\u00ed o&nbsp;t\u00e9to nab\u00eddce nebo za&nbsp;\u00fa\u010delem odpov\u011bdi na&nbsp;V\u00e1mi vznesen\u00fd dotaz. Spr\u00e1vce zpracov\u00e1v\u00e1 na&nbsp;tomto webu cookies pot\u0159ebn\u00e9 fungov\u00e1n\u00ed webu a&nbsp;analytiku. Takov\u00e9 zpracov\u00e1n\u00ed umo\u017e\u0148uje \u010dl. 6. odst. 1&nbsp;p\u00edsm. b) Na\u0159\u00edzen\u00ed. Tyto osobn\u00ed \u00fadaje budou Martinem Stoklasou zpracov\u00e1v\u00e1ny po&nbsp;dobu jedn\u00e1n\u00ed o&nbsp;uzav\u0159en\u00ed smlouvy mezi v\u00e1mi a&nbsp;spole\u010dnost\u00ed SUDOPARK s.r.o., nejd\u00e9le 1&nbsp;rok od&nbsp;va\u0161\u00ed popt\u00e1vky, pokud neud\u011bl\u00edte souhlas k&nbsp;dal\u0161\u00edmu zpracov\u00e1n\u00ed.<\/p>\n\n\n\n<p>Zpracov\u00e1n\u00ed osobn\u00edch \u00fadaj\u016f je&nbsp;prov\u00e1d\u011bno Martinem Stoklasou, tedy spr\u00e1vcem osobn\u00edch \u00fadaj\u016f, p\u0159\u00edpadn\u011b dal\u0161\u00edmi poskytovateli zpracovatelsk\u00fdch softwar\u016f, slu\u017eeb a&nbsp;aplikac\u00ed jako je&nbsp;PHP visual syst\u00e9m na&nbsp;tvorbu webov\u00fdch str\u00e1nek.<\/p>\n\n\n\n<p>Podle z\u00e1kona o&nbsp;ochran\u011b osobn\u00edch \u00fadaj\u016f m\u00e1te pr\u00e1vo:<\/p>\n\n\n\n<ul class=\"wp-block-list\">\n<li>po\u017eadovat po&nbsp;n\u00e1s informaci, jak\u00e9 va\u0161e osobn\u00ed \u00fadaje zpracov\u00e1v\u00e1me<\/li>\n\n\n\n<li>po\u017eadovat po&nbsp;n\u00e1s v\u00fdmaz t\u011bchto osobn\u00edch \u00fadaj\u016f \u2013 tento v\u00fdmaz v\u0161ak bude m\u00edt za&nbsp;n\u00e1sledek ukon\u010den\u00ed jedn\u00e1n\u00ed o&nbsp;smlouv\u011b<\/li>\n\n\n\n<li>v p\u0159\u00edpad\u011b pochybnost\u00ed o&nbsp;dodr\u017eov\u00e1n\u00ed povinnost\u00ed souvisej\u00edc\u00edch se&nbsp;zpracov\u00e1n\u00edm osobn\u00edch \u00fadaj\u016f se&nbsp;obr\u00e1tit na&nbsp;n\u00e1s nebo na&nbsp;\u00da\u0159ad pro&nbsp;ochranu osobn\u00edch \u00fadaj\u016f.<\/li>\n\n\n\n<li>Vy\u017e\u00e1dat si&nbsp;informaci jak\u00e9 osobn\u00ed \u00fadaje o&nbsp;v\u00e1s zpracov\u00e1v\u00e1me, po\u017e\u00e1dat o&nbsp;opravu nebo kompletn\u00ed v\u00fdmaz m\u016f\u017eete na&nbsp;emailu: <em>sudopark@sudopark.sk<\/em>.<\/li>\n<\/ul>\n\n\n\n<p>D\u011bkuji,<\/p>\n\n\n\n<p><strong>Martin Stoklasa, provozovatel SUDOPARK s.r.o.<\/strong><\/p>\n","protected":false},"excerpt":{"rendered":"<p>V\u00e1\u017e\u00edme si&nbsp;ochrany soukrom\u00ed a&nbsp;va\u0161e osobn\u00ed \u00fadaje zpracov\u00e1v\u00e1me pouze s&nbsp;va\u0161\u00edm souhlasem. Martin Stoklasa, zastupuj\u00edc\u00ed firmu SUDOPARK s.r.o. s\u00eddlo Kloko\u010dov 404, 023&nbsp;22&nbsp;Kloko\u010dov, Slovensk\u00e1 Republika, I\u010c: 36672157; DI\u010c: SK 2022249581&nbsp; zpracov\u00e1v\u00e1 osobn\u00ed \u00fadaje v&nbsp;souladu s&nbsp;ustanoven\u00edm podle \u010dl. 26&nbsp;Na\u0159\u00edzen\u00ed, v&nbsp;p\u0159\u00edpad\u011b va\u0161\u00ed popt\u00e1vky slu\u017eeb ve&nbsp;smyslu na\u0159\u00edzen\u00ed Evropsk\u00e9ho parlamentu a&nbsp;Rady (EU) \u010d. 2016\/679 o&nbsp;ochran\u011b fyzick\u00fdch osob v&nbsp;souvislosti se&nbsp;zpracov\u00e1n\u00edm osobn\u00edch \u00fadaj\u016f a&nbsp;o&nbsp;voln\u00e9m [&hellip;]<\/p>\n","protected":false},"author":2,"featured_media":342,"parent":0,"menu_order":0,"comment_status":"closed","ping_status":"closed","template":"template-fullpage.php","meta":{"footnotes":""},"class_list":["post-435","page","type-page","status-publish","has-post-thumbnail","hentry"],"acf":[],"yoast_head":"<!-- This site is optimized with the Yoast SEO plugin v25.1 - https:\/\/yoast.com\/wordpress\/plugins\/seo\/ -->\n<title>Z\u00e1sady ochrany osobn\u00edch \u00fadaj\u016f GDPR - SUDOPARK - Odpo\u010dinok v srdci pr\u00edrody, ubytovanie a wellness<\/title>\n<meta name=\"robots\" content=\"noindex, nofollow\" \/>\n<meta property=\"og:locale\" content=\"cs_CZ\" \/>\n<meta property=\"og:type\" content=\"article\" \/>\n<meta property=\"og:title\" content=\"Z\u00e1sady ochrany osobn\u00edch \u00fadaj\u016f GDPR - SUDOPARK - Odpo\u010dinok v srdci pr\u00edrody, ubytovanie a wellness\" \/>\n<meta property=\"og:description\" content=\"V\u00e1\u017e\u00edme si&nbsp;ochrany soukrom\u00ed a&nbsp;va\u0161e osobn\u00ed \u00fadaje zpracov\u00e1v\u00e1me pouze s&nbsp;va\u0161\u00edm souhlasem. Martin Stoklasa, zastupuj\u00edc\u00ed firmu SUDOPARK s.r.o. s\u00eddlo Kloko\u010dov 404, 023&nbsp;22&nbsp;Kloko\u010dov, Slovensk\u00e1 Republika, I\u010c: 36672157; DI\u010c: SK 2022249581&nbsp; zpracov\u00e1v\u00e1 osobn\u00ed \u00fadaje v&nbsp;souladu s&nbsp;ustanoven\u00edm podle \u010dl. 26&nbsp;Na\u0159\u00edzen\u00ed, v&nbsp;p\u0159\u00edpad\u011b va\u0161\u00ed popt\u00e1vky slu\u017eeb ve&nbsp;smyslu na\u0159\u00edzen\u00ed Evropsk\u00e9ho parlamentu a&nbsp;Rady (EU) \u010d. 2016\/679 o&nbsp;ochran\u011b fyzick\u00fdch osob v&nbsp;souvislosti se&nbsp;zpracov\u00e1n\u00edm osobn\u00edch \u00fadaj\u016f a&nbsp;o&nbsp;voln\u00e9m [&hellip;]\" \/>\n<meta property=\"og:url\" content=\"https:\/\/www.sudopark.sk\/cs\/zasady-ochrany-osobnich-udaju-gdpr\/\" \/>\n<meta property=\"og:site_name\" content=\"SUDOPARK - Odpo\u010dinok v srdci pr\u00edrody, ubytovanie a wellness\" \/>\n<meta property=\"article:publisher\" content=\"https:\/\/www.facebook.com\/sudopark\/\" \/>\n<meta property=\"article:modified_time\" content=\"2023-11-10T07:26:21+00:00\" \/>\n<meta property=\"og:image\" content=\"https:\/\/www.sudopark.sk\/wp-content\/uploads\/2021\/02\/8ab9a2c91f87c88ee40ca20aa1cc8293-min.jpg\" \/>\n\t<meta property=\"og:image:width\" content=\"2048\" \/>\n\t<meta property=\"og:image:height\" content=\"1365\" \/>\n\t<meta property=\"og:image:type\" content=\"image\/jpeg\" \/>\n<meta name=\"twitter:card\" content=\"summary_large_image\" \/>\n<meta name=\"twitter:label1\" content=\"Odhadovan\u00e1 doba \u010dten\u00ed\" \/>\n\t<meta name=\"twitter:data1\" content=\"2 minuty\" \/>\n<script type=\"application\/ld+json\" class=\"yoast-schema-graph\">{\"@context\":\"https:\/\/schema.org\",\"@graph\":[{\"@type\":\"WebPage\",\"@id\":\"https:\/\/www.sudopark.sk\/cs\/zasady-ochrany-osobnich-udaju-gdpr\/\",\"url\":\"https:\/\/www.sudopark.sk\/cs\/zasady-ochrany-osobnich-udaju-gdpr\/\",\"name\":\"Z\u00e1sady ochrany osobn\u00edch \u00fadaj\u016f GDPR - SUDOPARK - Odpo\u010dinok v srdci pr\u00edrody, ubytovanie a wellness\",\"isPartOf\":{\"@id\":\"https:\/\/www.sudopark.sk\/#website\"},\"primaryImageOfPage\":{\"@id\":\"https:\/\/www.sudopark.sk\/cs\/zasady-ochrany-osobnich-udaju-gdpr\/#primaryimage\"},\"image\":{\"@id\":\"https:\/\/www.sudopark.sk\/cs\/zasady-ochrany-osobnich-udaju-gdpr\/#primaryimage\"},\"thumbnailUrl\":\"https:\/\/www.sudopark.sk\/wp-content\/uploads\/2021\/02\/8ab9a2c91f87c88ee40ca20aa1cc8293-min.jpg\",\"datePublished\":\"2023-11-10T07:23:09+00:00\",\"dateModified\":\"2023-11-10T07:26:21+00:00\",\"breadcrumb\":{\"@id\":\"https:\/\/www.sudopark.sk\/cs\/zasady-ochrany-osobnich-udaju-gdpr\/#breadcrumb\"},\"inLanguage\":\"cs\",\"potentialAction\":[{\"@type\":\"ReadAction\",\"target\":[\"https:\/\/www.sudopark.sk\/cs\/zasady-ochrany-osobnich-udaju-gdpr\/\"]}]},{\"@type\":\"ImageObject\",\"inLanguage\":\"cs\",\"@id\":\"https:\/\/www.sudopark.sk\/cs\/zasady-ochrany-osobnich-udaju-gdpr\/#primaryimage\",\"url\":\"https:\/\/www.sudopark.sk\/wp-content\/uploads\/2021\/02\/8ab9a2c91f87c88ee40ca20aa1cc8293-min.jpg\",\"contentUrl\":\"https:\/\/www.sudopark.sk\/wp-content\/uploads\/2021\/02\/8ab9a2c91f87c88ee40ca20aa1cc8293-min.jpg\",\"width\":2048,\"height\":1365},{\"@type\":\"BreadcrumbList\",\"@id\":\"https:\/\/www.sudopark.sk\/cs\/zasady-ochrany-osobnich-udaju-gdpr\/#breadcrumb\",\"itemListElement\":[{\"@type\":\"ListItem\",\"position\":1,\"name\":\"Dom\u016f\",\"item\":\"https:\/\/www.sudopark.sk\/cs\/\"},{\"@type\":\"ListItem\",\"position\":2,\"name\":\"Z\u00e1sady ochrany osobn\u00edch \u00fadaj\u016f GDPR\"}]},{\"@type\":\"WebSite\",\"@id\":\"https:\/\/www.sudopark.sk\/#website\",\"url\":\"https:\/\/www.sudopark.sk\/\",\"name\":\"SUDOPARK - Odpo\u010dinok v srdci pr\u00edrody, ubytovanie a wellness\",\"description\":\"Ubytovanie v chatk\u00e1ch pr\u00edrode Kysuck\u00fdch Beskyd\u00e1ch\",\"publisher\":{\"@id\":\"https:\/\/www.sudopark.sk\/#organization\"},\"potentialAction\":[{\"@type\":\"SearchAction\",\"target\":{\"@type\":\"EntryPoint\",\"urlTemplate\":\"https:\/\/www.sudopark.sk\/?s={search_term_string}\"},\"query-input\":{\"@type\":\"PropertyValueSpecification\",\"valueRequired\":true,\"valueName\":\"search_term_string\"}}],\"inLanguage\":\"cs\"},{\"@type\":\"Organization\",\"@id\":\"https:\/\/www.sudopark.sk\/#organization\",\"name\":\"SUDOPARK - Ubytovanie v chatk\u00e1ch pr\u00edrode Kysuck\u00fdch Beskyd\u00e1ch\",\"url\":\"https:\/\/www.sudopark.sk\/\",\"logo\":{\"@type\":\"ImageObject\",\"inLanguage\":\"cs\",\"@id\":\"https:\/\/www.sudopark.sk\/#\/schema\/logo\/image\/\",\"url\":\"https:\/\/www.sudopark.sk\/wp-content\/uploads\/android-chrome-512x512-1.png\",\"contentUrl\":\"https:\/\/www.sudopark.sk\/wp-content\/uploads\/android-chrome-512x512-1.png\",\"width\":512,\"height\":512,\"caption\":\"SUDOPARK - Ubytovanie v chatk\u00e1ch pr\u00edrode Kysuck\u00fdch Beskyd\u00e1ch\"},\"image\":{\"@id\":\"https:\/\/www.sudopark.sk\/#\/schema\/logo\/image\/\"},\"sameAs\":[\"https:\/\/www.facebook.com\/sudopark\/\"]}]}<\/script>\n<!-- \/ Yoast SEO plugin. -->","yoast_head_json":{"title":"Z\u00e1sady ochrany osobn\u00edch \u00fadaj\u016f GDPR - SUDOPARK - Odpo\u010dinok v srdci pr\u00edrody, ubytovanie a wellness","robots":{"index":"noindex","follow":"nofollow"},"og_locale":"cs_CZ","og_type":"article","og_title":"Z\u00e1sady ochrany osobn\u00edch \u00fadaj\u016f GDPR - SUDOPARK - Odpo\u010dinok v srdci pr\u00edrody, ubytovanie a wellness","og_description":"V\u00e1\u017e\u00edme si&nbsp;ochrany soukrom\u00ed a&nbsp;va\u0161e osobn\u00ed \u00fadaje zpracov\u00e1v\u00e1me pouze s&nbsp;va\u0161\u00edm souhlasem. Martin Stoklasa, zastupuj\u00edc\u00ed firmu SUDOPARK s.r.o. s\u00eddlo Kloko\u010dov 404, 023&nbsp;22&nbsp;Kloko\u010dov, Slovensk\u00e1 Republika, I\u010c: 36672157; DI\u010c: SK 2022249581&nbsp; zpracov\u00e1v\u00e1 osobn\u00ed \u00fadaje v&nbsp;souladu s&nbsp;ustanoven\u00edm podle \u010dl. 26&nbsp;Na\u0159\u00edzen\u00ed, v&nbsp;p\u0159\u00edpad\u011b va\u0161\u00ed popt\u00e1vky slu\u017eeb ve&nbsp;smyslu na\u0159\u00edzen\u00ed Evropsk\u00e9ho parlamentu a&nbsp;Rady (EU) \u010d. 2016\/679 o&nbsp;ochran\u011b fyzick\u00fdch osob v&nbsp;souvislosti se&nbsp;zpracov\u00e1n\u00edm osobn\u00edch \u00fadaj\u016f a&nbsp;o&nbsp;voln\u00e9m [&hellip;]","og_url":"https:\/\/www.sudopark.sk\/cs\/zasady-ochrany-osobnich-udaju-gdpr\/","og_site_name":"SUDOPARK - Odpo\u010dinok v srdci pr\u00edrody, ubytovanie a wellness","article_publisher":"https:\/\/www.facebook.com\/sudopark\/","article_modified_time":"2023-11-10T07:26:21+00:00","og_image":[{"width":2048,"height":1365,"url":"https:\/\/www.sudopark.sk\/wp-content\/uploads\/2021\/02\/8ab9a2c91f87c88ee40ca20aa1cc8293-min.jpg","type":"image\/jpeg"}],"twitter_card":"summary_large_image","twitter_misc":{"Odhadovan\u00e1 doba \u010dten\u00ed":"2 minuty"},"schema":{"@context":"https:\/\/schema.org","@graph":[{"@type":"WebPage","@id":"https:\/\/www.sudopark.sk\/cs\/zasady-ochrany-osobnich-udaju-gdpr\/","url":"https:\/\/www.sudopark.sk\/cs\/zasady-ochrany-osobnich-udaju-gdpr\/","name":"Z\u00e1sady ochrany osobn\u00edch \u00fadaj\u016f GDPR - SUDOPARK - Odpo\u010dinok v srdci pr\u00edrody, ubytovanie a wellness","isPartOf":{"@id":"https:\/\/www.sudopark.sk\/#website"},"primaryImageOfPage":{"@id":"https:\/\/www.sudopark.sk\/cs\/zasady-ochrany-osobnich-udaju-gdpr\/#primaryimage"},"image":{"@id":"https:\/\/www.sudopark.sk\/cs\/zasady-ochrany-osobnich-udaju-gdpr\/#primaryimage"},"thumbnailUrl":"https:\/\/www.sudopark.sk\/wp-content\/uploads\/2021\/02\/8ab9a2c91f87c88ee40ca20aa1cc8293-min.jpg","datePublished":"2023-11-10T07:23:09+00:00","dateModified":"2023-11-10T07:26:21+00:00","breadcrumb":{"@id":"https:\/\/www.sudopark.sk\/cs\/zasady-ochrany-osobnich-udaju-gdpr\/#breadcrumb"},"inLanguage":"cs","potentialAction":[{"@type":"ReadAction","target":["https:\/\/www.sudopark.sk\/cs\/zasady-ochrany-osobnich-udaju-gdpr\/"]}]},{"@type":"ImageObject","inLanguage":"cs","@id":"https:\/\/www.sudopark.sk\/cs\/zasady-ochrany-osobnich-udaju-gdpr\/#primaryimage","url":"https:\/\/www.sudopark.sk\/wp-content\/uploads\/2021\/02\/8ab9a2c91f87c88ee40ca20aa1cc8293-min.jpg","contentUrl":"https:\/\/www.sudopark.sk\/wp-content\/uploads\/2021\/02\/8ab9a2c91f87c88ee40ca20aa1cc8293-min.jpg","width":2048,"height":1365},{"@type":"BreadcrumbList","@id":"https:\/\/www.sudopark.sk\/cs\/zasady-ochrany-osobnich-udaju-gdpr\/#breadcrumb","itemListElement":[{"@type":"ListItem","position":1,"name":"Dom\u016f","item":"https:\/\/www.sudopark.sk\/cs\/"},{"@type":"ListItem","position":2,"name":"Z\u00e1sady ochrany osobn\u00edch \u00fadaj\u016f GDPR"}]},{"@type":"WebSite","@id":"https:\/\/www.sudopark.sk\/#website","url":"https:\/\/www.sudopark.sk\/","name":"SUDOPARK - Odpo\u010dinok v srdci pr\u00edrody, ubytovanie a wellness","description":"Ubytovanie v chatk\u00e1ch pr\u00edrode Kysuck\u00fdch Beskyd\u00e1ch","publisher":{"@id":"https:\/\/www.sudopark.sk\/#organization"},"potentialAction":[{"@type":"SearchAction","target":{"@type":"EntryPoint","urlTemplate":"https:\/\/www.sudopark.sk\/?s={search_term_string}"},"query-input":{"@type":"PropertyValueSpecification","valueRequired":true,"valueName":"search_term_string"}}],"inLanguage":"cs"},{"@type":"Organization","@id":"https:\/\/www.sudopark.sk\/#organization","name":"SUDOPARK - Ubytovanie v chatk\u00e1ch pr\u00edrode Kysuck\u00fdch Beskyd\u00e1ch","url":"https:\/\/www.sudopark.sk\/","logo":{"@type":"ImageObject","inLanguage":"cs","@id":"https:\/\/www.sudopark.sk\/#\/schema\/logo\/image\/","url":"https:\/\/www.sudopark.sk\/wp-content\/uploads\/android-chrome-512x512-1.png","contentUrl":"https:\/\/www.sudopark.sk\/wp-content\/uploads\/android-chrome-512x512-1.png","width":512,"height":512,"caption":"SUDOPARK - Ubytovanie v chatk\u00e1ch pr\u00edrode Kysuck\u00fdch Beskyd\u00e1ch"},"image":{"@id":"https:\/\/www.sudopark.sk\/#\/schema\/logo\/image\/"},"sameAs":["https:\/\/www.facebook.com\/sudopark\/"]}]}},"_links":{"self":[{"href":"https:\/\/www.sudopark.sk\/cs\/wp-json\/wp\/v2\/pages\/435","targetHints":{"allow":["GET"]}}],"collection":[{"href":"https:\/\/www.sudopark.sk\/cs\/wp-json\/wp\/v2\/pages"}],"about":[{"href":"https:\/\/www.sudopark.sk\/cs\/wp-json\/wp\/v2\/types\/page"}],"author":[{"embeddable":true,"href":"https:\/\/www.sudopark.sk\/cs\/wp-json\/wp\/v2\/users\/2"}],"replies":[{"embeddable":true,"href":"https:\/\/www.sudopark.sk\/cs\/wp-json\/wp\/v2\/comments?post=435"}],"version-history":[{"count":2,"href":"https:\/\/www.sudopark.sk\/cs\/wp-json\/wp\/v2\/pages\/435\/revisions"}],"predecessor-version":[{"id":439,"href":"https:\/\/www.sudopark.sk\/cs\/wp-json\/wp\/v2\/pages\/435\/revisions\/439"}],"wp:featuredmedia":[{"embeddable":true,"href":"https:\/\/www.sudopark.sk\/cs\/wp-json\/wp\/v2\/media\/342"}],"wp:attachment":[{"href":"https:\/\/www.sudopark.sk\/cs\/wp-json\/wp\/v2\/media?parent=435"}],"curies":[{"name":"wp","href":"https:\/\/api.w.org\/{rel}","templated":true}]}}