{"id":365,"date":"2021-02-18T12:44:13","date_gmt":"2021-02-18T11:44:13","guid":{"rendered":"https:\/\/www.sudopark.sk\/kontaktny-formular\/"},"modified":"2023-11-09T21:30:02","modified_gmt":"2023-11-09T20:30:02","slug":"kontaktni-formular","status":"publish","type":"page","link":"https:\/\/www.sudopark.sk\/cs\/kontaktni-formular\/","title":{"rendered":"Kontaktn\u00ed formul\u00e1\u0159"},"content":{"rendered":"\n<div class=\"wp-block-contact-form-7-contact-form-selector\">\n<div class=\"wpcf7 no-js\" id=\"wpcf7-f431-o1\" lang=\"cs-CZ\" dir=\"ltr\" data-wpcf7-id=\"431\">\n<div class=\"screen-reader-response\"><p role=\"status\" aria-live=\"polite\" aria-atomic=\"true\"><\/p> <ul><\/ul><\/div>\n<form action=\"\/cs\/wp-json\/wp\/v2\/pages\/365#wpcf7-f431-o1\" method=\"post\" class=\"wpcf7-form init\" aria-label=\"Kontaktn\u00ed formul\u00e1\u0159\" novalidate=\"novalidate\" data-status=\"init\">\n<div style=\"display: none;\">\n<input type=\"hidden\" name=\"_wpcf7\" value=\"431\" \/>\n<input type=\"hidden\" name=\"_wpcf7_version\" value=\"6.0.6\" \/>\n<input type=\"hidden\" name=\"_wpcf7_locale\" value=\"cs_CZ\" \/>\n<input type=\"hidden\" name=\"_wpcf7_unit_tag\" value=\"wpcf7-f431-o1\" \/>\n<input type=\"hidden\" name=\"_wpcf7_container_post\" value=\"0\" \/>\n<input type=\"hidden\" name=\"_wpcf7_posted_data_hash\" value=\"\" \/>\n<input type=\"hidden\" name=\"_wpcf7_recaptcha_response\" value=\"\" \/>\n<\/div>\n<div class=\"site-form__line\">\n\t<p><label class=\"site-form__label\">Va\u0161e jm\u00e9no<\/label><span class=\"wpcf7-form-control-wrap\" data-name=\"your-name\"><input size=\"40\" maxlength=\"400\" class=\"wpcf7-form-control wpcf7-text wpcf7-validates-as-required site-form__input site-form__input--bordered\" aria-required=\"true\" aria-invalid=\"false\" value=\"\" type=\"text\" name=\"your-name\" \/><\/span>\n\t<\/p>\n<\/div>\n<div class=\"site-form__line\">\n\t<p><label class=\"site-form__label\">V\u00e1\u0161 e-mail<\/label><span class=\"wpcf7-form-control-wrap\" data-name=\"your-email\"><input size=\"40\" maxlength=\"400\" class=\"wpcf7-form-control wpcf7-email wpcf7-validates-as-required wpcf7-text wpcf7-validates-as-email site-form__input site-form__input--bordered\" aria-required=\"true\" aria-invalid=\"false\" value=\"\" type=\"email\" name=\"your-email\" \/><\/span>\n\t<\/p>\n<\/div>\n<div class=\"site-form__line\">\n\t<p><label class=\"site-form__label\">V\u00e1\u0161 telefon<\/label><span class=\"wpcf7-form-control-wrap your-phone\"><input class=\"wpcf7-form-control wpcf7-intl_tel wpcf7-intl-tel site-form__input site-form__input--bordered\" aria-invalid=\"false\" value=\"\" type=\"tel\" name=\"your-phone-cf7it-national\" \/><input name=\"your-phone\" type=\"hidden\" class=\"wpcf7-intl-tel-full\" \/><input type=\"hidden\" name=\"your-phone-cf7it-country-name\" class=\"wpcf7-intl-tel-country-name\" \/><input type=\"hidden\" name=\"your-phone-cf7it-country-code\" class=\"wpcf7-intl-tel-country-code\" \/><input type=\"hidden\" name=\"your-phone-cf7it-country-iso2\" class=\"wpcf7-intl-tel-country-iso2\" \/><\/span>\n\t<\/p>\n<\/div>\n<div class=\"site-form__line\">\n\t<p><label class=\"site-form__label\">P\u0159edm\u011bt zpr\u00e1vy<\/label><span class=\"wpcf7-form-control-wrap\" data-name=\"your-subject\"><input size=\"40\" maxlength=\"400\" class=\"wpcf7-form-control wpcf7-text wpcf7-validates-as-required site-form__input site-form__input--bordered\" aria-required=\"true\" aria-invalid=\"false\" value=\"\" type=\"text\" name=\"your-subject\" \/><\/span>\n\t<\/p>\n<\/div>\n<div class=\"site-form__line\">\n\t<p><label class=\"site-form__label\">Va\u0161e zpr\u00e1va<\/label><span class=\"wpcf7-form-control-wrap\" data-name=\"your-message\"><textarea cols=\"40\" rows=\"10\" maxlength=\"2000\" class=\"wpcf7-form-control wpcf7-textarea wpcf7-validates-as-required site-form__input site-form__input--bordered\" aria-required=\"true\" aria-invalid=\"false\" name=\"your-message\"><\/textarea><\/span>\n\t<\/p>\n<\/div>\n<p><input class=\"wpcf7-form-control wpcf7-submit has-spinner btn btn--wide\" type=\"submit\" value=\"ODESLAT\" \/>\n<\/p><div class=\"wpcf7-response-output\" aria-hidden=\"true\"><\/div>\n<\/form>\n<\/div>\n<\/div>\n","protected":false},"excerpt":{"rendered":"","protected":false},"author":2,"featured_media":313,"parent":0,"menu_order":0,"comment_status":"closed","ping_status":"closed","template":"","meta":{"footnotes":""},"class_list":["post-365","page","type-page","status-publish","has-post-thumbnail","hentry"],"acf":[],"yoast_head":"<!-- This site is optimized with the Yoast SEO plugin v25.1 - https:\/\/yoast.com\/wordpress\/plugins\/seo\/ -->\n<title>Kontaktn\u00ed formul\u00e1\u0159 - SUDOPARK - Odpo\u010dinok v srdci pr\u00edrody, ubytovanie a wellness<\/title>\n<meta name=\"robots\" content=\"noindex, follow\" \/>\n<meta property=\"og:locale\" content=\"cs_CZ\" \/>\n<meta property=\"og:type\" content=\"article\" \/>\n<meta property=\"og:title\" content=\"Kontaktn\u00ed formul\u00e1\u0159 - SUDOPARK - Odpo\u010dinok v srdci pr\u00edrody, ubytovanie a wellness\" \/>\n<meta property=\"og:url\" content=\"https:\/\/www.sudopark.sk\/cs\/kontaktni-formular\/\" \/>\n<meta property=\"og:site_name\" content=\"SUDOPARK - Odpo\u010dinok v srdci pr\u00edrody, ubytovanie a wellness\" \/>\n<meta property=\"article:publisher\" content=\"https:\/\/www.facebook.com\/sudopark\/\" \/>\n<meta property=\"article:modified_time\" content=\"2023-11-09T20:30:02+00:00\" \/>\n<meta property=\"og:image\" content=\"https:\/\/www.sudopark.sk\/wp-content\/uploads\/2021\/02\/001-min.jpg\" \/>\n\t<meta property=\"og:image:width\" content=\"1920\" \/>\n\t<meta property=\"og:image:height\" content=\"937\" \/>\n\t<meta property=\"og:image:type\" content=\"image\/jpeg\" \/>\n<meta name=\"twitter:card\" content=\"summary_large_image\" \/>\n<meta name=\"twitter:label1\" content=\"Odhadovan\u00e1 doba \u010dten\u00ed\" \/>\n\t<meta name=\"twitter:data1\" content=\"1 minuta\" \/>\n<script type=\"application\/ld+json\" class=\"yoast-schema-graph\">{\"@context\":\"https:\/\/schema.org\",\"@graph\":[{\"@type\":\"WebPage\",\"@id\":\"https:\/\/www.sudopark.sk\/cs\/kontaktni-formular\/\",\"url\":\"https:\/\/www.sudopark.sk\/cs\/kontaktni-formular\/\",\"name\":\"Kontaktn\u00ed formul\u00e1\u0159 - SUDOPARK - Odpo\u010dinok v srdci pr\u00edrody, ubytovanie a wellness\",\"isPartOf\":{\"@id\":\"https:\/\/www.sudopark.sk\/#website\"},\"primaryImageOfPage\":{\"@id\":\"https:\/\/www.sudopark.sk\/cs\/kontaktni-formular\/#primaryimage\"},\"image\":{\"@id\":\"https:\/\/www.sudopark.sk\/cs\/kontaktni-formular\/#primaryimage\"},\"thumbnailUrl\":\"https:\/\/www.sudopark.sk\/wp-content\/uploads\/2021\/02\/001-min.jpg\",\"datePublished\":\"2021-02-18T11:44:13+00:00\",\"dateModified\":\"2023-11-09T20:30:02+00:00\",\"breadcrumb\":{\"@id\":\"https:\/\/www.sudopark.sk\/cs\/kontaktni-formular\/#breadcrumb\"},\"inLanguage\":\"cs\",\"potentialAction\":[{\"@type\":\"ReadAction\",\"target\":[\"https:\/\/www.sudopark.sk\/cs\/kontaktni-formular\/\"]}]},{\"@type\":\"ImageObject\",\"inLanguage\":\"cs\",\"@id\":\"https:\/\/www.sudopark.sk\/cs\/kontaktni-formular\/#primaryimage\",\"url\":\"https:\/\/www.sudopark.sk\/wp-content\/uploads\/2021\/02\/001-min.jpg\",\"contentUrl\":\"https:\/\/www.sudopark.sk\/wp-content\/uploads\/2021\/02\/001-min.jpg\",\"width\":1920,\"height\":937,\"caption\":\"Firemn\u00ed teambuilding v p\u0159\u00edrod\u011b \u2013 d\u0159ev\u011bn\u00e1 chalupa Sudoparku obklopen\u00e1 lesy, venkovn\u00ed posezen\u00ed a relax v koupac\u00edm sudu\"},{\"@type\":\"BreadcrumbList\",\"@id\":\"https:\/\/www.sudopark.sk\/cs\/kontaktni-formular\/#breadcrumb\",\"itemListElement\":[{\"@type\":\"ListItem\",\"position\":1,\"name\":\"Dom\u016f\",\"item\":\"https:\/\/www.sudopark.sk\/cs\/\"},{\"@type\":\"ListItem\",\"position\":2,\"name\":\"Kontaktn\u00ed formul\u00e1\u0159\"}]},{\"@type\":\"WebSite\",\"@id\":\"https:\/\/www.sudopark.sk\/#website\",\"url\":\"https:\/\/www.sudopark.sk\/\",\"name\":\"SUDOPARK - Odpo\u010dinok v srdci pr\u00edrody, ubytovanie a wellness\",\"description\":\"Ubytovanie v chatk\u00e1ch pr\u00edrode Kysuck\u00fdch Beskyd\u00e1ch\",\"publisher\":{\"@id\":\"https:\/\/www.sudopark.sk\/#organization\"},\"potentialAction\":[{\"@type\":\"SearchAction\",\"target\":{\"@type\":\"EntryPoint\",\"urlTemplate\":\"https:\/\/www.sudopark.sk\/?s={search_term_string}\"},\"query-input\":{\"@type\":\"PropertyValueSpecification\",\"valueRequired\":true,\"valueName\":\"search_term_string\"}}],\"inLanguage\":\"cs\"},{\"@type\":\"Organization\",\"@id\":\"https:\/\/www.sudopark.sk\/#organization\",\"name\":\"SUDOPARK - Ubytovanie v chatk\u00e1ch pr\u00edrode Kysuck\u00fdch Beskyd\u00e1ch\",\"url\":\"https:\/\/www.sudopark.sk\/\",\"logo\":{\"@type\":\"ImageObject\",\"inLanguage\":\"cs\",\"@id\":\"https:\/\/www.sudopark.sk\/#\/schema\/logo\/image\/\",\"url\":\"https:\/\/www.sudopark.sk\/wp-content\/uploads\/android-chrome-512x512-1.png\",\"contentUrl\":\"https:\/\/www.sudopark.sk\/wp-content\/uploads\/android-chrome-512x512-1.png\",\"width\":512,\"height\":512,\"caption\":\"SUDOPARK - Ubytovanie v chatk\u00e1ch pr\u00edrode Kysuck\u00fdch Beskyd\u00e1ch\"},\"image\":{\"@id\":\"https:\/\/www.sudopark.sk\/#\/schema\/logo\/image\/\"},\"sameAs\":[\"https:\/\/www.facebook.com\/sudopark\/\"]}]}<\/script>\n<!-- \/ Yoast SEO plugin. -->","yoast_head_json":{"title":"Kontaktn\u00ed formul\u00e1\u0159 - SUDOPARK - Odpo\u010dinok v srdci pr\u00edrody, ubytovanie a wellness","robots":{"index":"noindex","follow":"follow"},"og_locale":"cs_CZ","og_type":"article","og_title":"Kontaktn\u00ed formul\u00e1\u0159 - SUDOPARK - Odpo\u010dinok v srdci pr\u00edrody, ubytovanie a wellness","og_url":"https:\/\/www.sudopark.sk\/cs\/kontaktni-formular\/","og_site_name":"SUDOPARK - Odpo\u010dinok v srdci pr\u00edrody, ubytovanie a wellness","article_publisher":"https:\/\/www.facebook.com\/sudopark\/","article_modified_time":"2023-11-09T20:30:02+00:00","og_image":[{"width":1920,"height":937,"url":"https:\/\/www.sudopark.sk\/wp-content\/uploads\/2021\/02\/001-min.jpg","type":"image\/jpeg"}],"twitter_card":"summary_large_image","twitter_misc":{"Odhadovan\u00e1 doba \u010dten\u00ed":"1 minuta"},"schema":{"@context":"https:\/\/schema.org","@graph":[{"@type":"WebPage","@id":"https:\/\/www.sudopark.sk\/cs\/kontaktni-formular\/","url":"https:\/\/www.sudopark.sk\/cs\/kontaktni-formular\/","name":"Kontaktn\u00ed formul\u00e1\u0159 - SUDOPARK - Odpo\u010dinok v srdci pr\u00edrody, ubytovanie a wellness","isPartOf":{"@id":"https:\/\/www.sudopark.sk\/#website"},"primaryImageOfPage":{"@id":"https:\/\/www.sudopark.sk\/cs\/kontaktni-formular\/#primaryimage"},"image":{"@id":"https:\/\/www.sudopark.sk\/cs\/kontaktni-formular\/#primaryimage"},"thumbnailUrl":"https:\/\/www.sudopark.sk\/wp-content\/uploads\/2021\/02\/001-min.jpg","datePublished":"2021-02-18T11:44:13+00:00","dateModified":"2023-11-09T20:30:02+00:00","breadcrumb":{"@id":"https:\/\/www.sudopark.sk\/cs\/kontaktni-formular\/#breadcrumb"},"inLanguage":"cs","potentialAction":[{"@type":"ReadAction","target":["https:\/\/www.sudopark.sk\/cs\/kontaktni-formular\/"]}]},{"@type":"ImageObject","inLanguage":"cs","@id":"https:\/\/www.sudopark.sk\/cs\/kontaktni-formular\/#primaryimage","url":"https:\/\/www.sudopark.sk\/wp-content\/uploads\/2021\/02\/001-min.jpg","contentUrl":"https:\/\/www.sudopark.sk\/wp-content\/uploads\/2021\/02\/001-min.jpg","width":1920,"height":937,"caption":"Firemn\u00ed teambuilding v p\u0159\u00edrod\u011b \u2013 d\u0159ev\u011bn\u00e1 chalupa Sudoparku obklopen\u00e1 lesy, venkovn\u00ed posezen\u00ed a relax v koupac\u00edm sudu"},{"@type":"BreadcrumbList","@id":"https:\/\/www.sudopark.sk\/cs\/kontaktni-formular\/#breadcrumb","itemListElement":[{"@type":"ListItem","position":1,"name":"Dom\u016f","item":"https:\/\/www.sudopark.sk\/cs\/"},{"@type":"ListItem","position":2,"name":"Kontaktn\u00ed formul\u00e1\u0159"}]},{"@type":"WebSite","@id":"https:\/\/www.sudopark.sk\/#website","url":"https:\/\/www.sudopark.sk\/","name":"SUDOPARK - Odpo\u010dinok v srdci pr\u00edrody, ubytovanie a wellness","description":"Ubytovanie v chatk\u00e1ch pr\u00edrode Kysuck\u00fdch Beskyd\u00e1ch","publisher":{"@id":"https:\/\/www.sudopark.sk\/#organization"},"potentialAction":[{"@type":"SearchAction","target":{"@type":"EntryPoint","urlTemplate":"https:\/\/www.sudopark.sk\/?s={search_term_string}"},"query-input":{"@type":"PropertyValueSpecification","valueRequired":true,"valueName":"search_term_string"}}],"inLanguage":"cs"},{"@type":"Organization","@id":"https:\/\/www.sudopark.sk\/#organization","name":"SUDOPARK - Ubytovanie v chatk\u00e1ch pr\u00edrode Kysuck\u00fdch Beskyd\u00e1ch","url":"https:\/\/www.sudopark.sk\/","logo":{"@type":"ImageObject","inLanguage":"cs","@id":"https:\/\/www.sudopark.sk\/#\/schema\/logo\/image\/","url":"https:\/\/www.sudopark.sk\/wp-content\/uploads\/android-chrome-512x512-1.png","contentUrl":"https:\/\/www.sudopark.sk\/wp-content\/uploads\/android-chrome-512x512-1.png","width":512,"height":512,"caption":"SUDOPARK - Ubytovanie v chatk\u00e1ch pr\u00edrode Kysuck\u00fdch Beskyd\u00e1ch"},"image":{"@id":"https:\/\/www.sudopark.sk\/#\/schema\/logo\/image\/"},"sameAs":["https:\/\/www.facebook.com\/sudopark\/"]}]}},"_links":{"self":[{"href":"https:\/\/www.sudopark.sk\/cs\/wp-json\/wp\/v2\/pages\/365","targetHints":{"allow":["GET"]}}],"collection":[{"href":"https:\/\/www.sudopark.sk\/cs\/wp-json\/wp\/v2\/pages"}],"about":[{"href":"https:\/\/www.sudopark.sk\/cs\/wp-json\/wp\/v2\/types\/page"}],"author":[{"embeddable":true,"href":"https:\/\/www.sudopark.sk\/cs\/wp-json\/wp\/v2\/users\/2"}],"replies":[{"embeddable":true,"href":"https:\/\/www.sudopark.sk\/cs\/wp-json\/wp\/v2\/comments?post=365"}],"version-history":[{"count":3,"href":"https:\/\/www.sudopark.sk\/cs\/wp-json\/wp\/v2\/pages\/365\/revisions"}],"predecessor-version":[{"id":432,"href":"https:\/\/www.sudopark.sk\/cs\/wp-json\/wp\/v2\/pages\/365\/revisions\/432"}],"wp:featuredmedia":[{"embeddable":true,"href":"https:\/\/www.sudopark.sk\/cs\/wp-json\/wp\/v2\/media\/313"}],"wp:attachment":[{"href":"https:\/\/www.sudopark.sk\/cs\/wp-json\/wp\/v2\/media?parent=365"}],"curies":[{"name":"wp","href":"https:\/\/api.w.org\/{rel}","templated":true}]}}